{"id":644,"date":"2025-03-01T00:51:09","date_gmt":"2025-03-01T00:51:09","guid":{"rendered":"https:\/\/acm-resorts.com\/ceo-e-fundador-do-acm-resorts\/"},"modified":"2025-05-03T11:49:22","modified_gmt":"2025-05-03T11:49:22","slug":"ceo-e-fundador-do-acm-resorts","status":"publish","type":"page","link":"https:\/\/acm-resorts.com\/pt-br\/ceo-e-fundador-do-acm-resorts\/","title":{"rendered":"CEO e fundador do ACM Resorts"},"content":{"rendered":"\n<div class=\"wp-block-group alignfull has-tertiary-background-color has-background is-nowrap is-layout-flex wp-container-core-group-is-layout-dc8bf109 wp-block-group-is-layout-flex\" id=\"about\" style=\"margin-top:0;margin-bottom:0;padding-top:var(--wp--preset--spacing--60);padding-right:var(--wp--preset--spacing--30);padding-bottom:var(--wp--preset--spacing--60);padding-left:var(--wp--preset--spacing--30)\">\n<div class=\"wp-block-columns alignfull has-medium-font-size is-layout-flex wp-container-core-columns-is-layout-cf2eabc1 wp-block-columns-is-layout-flex\" style=\"margin-top:0;margin-bottom:0;padding-right:0;padding-left:0\">\n<div class=\"wp-block-column is-vertically-aligned-top is-layout-flow wp-container-core-column-is-layout-27b7a239 wp-block-column-is-layout-flow\" style=\"padding-right:0;padding-left:0em;flex-basis:50%\">\n<h2 class=\"wp-block-heading has-text-align-left\"><strong>CEO e fundador do ACM Resorts<\/strong><\/h2>\n\n\n\n<p class=\"has-text-align-left has-medium-font-size\" style=\"margin-top:16px\">Andreas, com MBA e mestrado em ci\u00eancias, liderou uma empresa familiar de m\u00e9dio porte com 120 funcion\u00e1rios na Alemanha.<\/p>\n\n\n\n<p class=\"has-medium-font-size\" style=\"margin-top:16px\">No final dos anos 90, ele decidiu vender a empresa para ter tempo para um novo desafio.<\/p>\n\n\n\n<p class=\"has-medium-font-size\" style=\"margin-top:16px;margin-right:0\">Nos anos seguintes, ele foi para a \u00c1sia e para a Am\u00e9rica do Norte para prestar consultoria em energia.<\/p>\n\n\n\n<p class=\"has-medium-font-size\" style=\"margin-top:16px\">Naquela \u00e9poca, ele estava ciente da energia da natureza e da mensagem para a humanidade.<\/p>\n\n\n\n<p class=\"has-medium-font-size\" style=\"margin-top:16px\">Com esse conhecimento, ele come\u00e7ou em 2017 a desenvolver o conceito ACM.<\/p>\n\n\n\n<p class=\"has-medium-font-size\" style=\"margin-top:16px\">Ele praticou o di\u00e1logo com os principais especialistas de diferentes disciplinas m\u00e9dicas.<\/p>\n\n\n\n<p class=\"has-text-align-left has-medium-font-size\" style=\"margin-top:16px\">O resultado \u00e9 o conceito de ACM m\u00e9dico hol\u00edstico.<\/p>\n<\/div>\n\n\n\n<div class=\"wp-block-column is-vertically-aligned-center is-layout-flow wp-block-column-is-layout-flow\" style=\"flex-basis:50%\">\n<figure class=\"wp-block-image aligncenter size-large\"><img loading=\"lazy\" decoding=\"async\" width=\"1024\" height=\"682\" src=\"https:\/\/acm-resorts.com\/wp-content\/uploads\/2025\/03\/DSC_2305-e1742229592423-1024x682.jpg\" alt=\"\" class=\"wp-image-137\" srcset=\"https:\/\/acm-resorts.com\/wp-content\/uploads\/2025\/03\/DSC_2305-e1742229592423-1024x682.jpg 1024w, https:\/\/acm-resorts.com\/wp-content\/uploads\/2025\/03\/DSC_2305-e1742229592423-300x200.jpg 300w, https:\/\/acm-resorts.com\/wp-content\/uploads\/2025\/03\/DSC_2305-e1742229592423-768x512.jpg 768w, https:\/\/acm-resorts.com\/wp-content\/uploads\/2025\/03\/DSC_2305-e1742229592423-1536x1023.jpg 1536w, https:\/\/acm-resorts.com\/wp-content\/uploads\/2025\/03\/DSC_2305-e1742229592423.jpg 1546w\" sizes=\"auto, (max-width: 1024px) 100vw, 1024px\" \/><\/figure>\n<\/div>\n<\/div>\n<\/div>\n\n<p><\/p>\n","protected":false},"excerpt":{"rendered":"<p>CEO e fundador do ACM Resorts Andreas, com MBA e mestrado em ci\u00eancias, liderou uma empresa familiar de m\u00e9dio porte com 120 funcion\u00e1rios na Alemanha. No final dos anos 90, ele decidiu vender a empresa para ter tempo para um novo desafio. Nos anos seguintes, ele foi para a \u00c1sia e para a Am\u00e9rica do [&hellip;]<\/p>\n","protected":false},"author":1,"featured_media":0,"parent":0,"menu_order":0,"comment_status":"closed","ping_status":"closed","template":"no-title","meta":{"footnotes":""},"class_list":["post-644","page","type-page","status-publish","hentry"],"aioseo_notices":[],"_links":{"self":[{"href":"https:\/\/acm-resorts.com\/pt-br\/wp-json\/wp\/v2\/pages\/644","targetHints":{"allow":["GET"]}}],"collection":[{"href":"https:\/\/acm-resorts.com\/pt-br\/wp-json\/wp\/v2\/pages"}],"about":[{"href":"https:\/\/acm-resorts.com\/pt-br\/wp-json\/wp\/v2\/types\/page"}],"author":[{"embeddable":true,"href":"https:\/\/acm-resorts.com\/pt-br\/wp-json\/wp\/v2\/users\/1"}],"replies":[{"embeddable":true,"href":"https:\/\/acm-resorts.com\/pt-br\/wp-json\/wp\/v2\/comments?post=644"}],"version-history":[{"count":3,"href":"https:\/\/acm-resorts.com\/pt-br\/wp-json\/wp\/v2\/pages\/644\/revisions"}],"predecessor-version":[{"id":1017,"href":"https:\/\/acm-resorts.com\/pt-br\/wp-json\/wp\/v2\/pages\/644\/revisions\/1017"}],"wp:attachment":[{"href":"https:\/\/acm-resorts.com\/pt-br\/wp-json\/wp\/v2\/media?parent=644"}],"curies":[{"name":"wp","href":"https:\/\/api.w.org\/{rel}","templated":true}]}}