{"id":626,"date":"2025-03-01T00:51:09","date_gmt":"2025-03-01T00:51:09","guid":{"rendered":"https:\/\/acm-resorts.com\/nossa-visao\/"},"modified":"2025-05-03T11:31:35","modified_gmt":"2025-05-03T11:31:35","slug":"nossa-visao","status":"publish","type":"page","link":"https:\/\/acm-resorts.com\/pt-br\/nossa-visao\/","title":{"rendered":"Nossa vis\u00e3o"},"content":{"rendered":"\n<div class=\"wp-block-group alignfull has-tertiary-background-color has-background has-global-padding is-layout-constrained wp-container-core-group-is-layout-2fd3be65 wp-block-group-is-layout-constrained\" id=\"about\" style=\"margin-top:0;margin-bottom:0;padding-top:var(--wp--preset--spacing--50);padding-right:0;padding-bottom:var(--wp--preset--spacing--50);padding-left:0\">\n<div class=\"wp-block-columns alignfull is-layout-flex wp-container-core-columns-is-layout-47c06fe3 wp-block-columns-is-layout-flex\">\n<div class=\"wp-block-column is-vertically-aligned-center is-layout-flow wp-container-core-column-is-layout-a5a03dca wp-block-column-is-layout-flow\" style=\"padding-right:var(--wp--preset--spacing--60);padding-left:9vw;flex-basis:27%\">\n<h2 class=\"wp-block-heading has-text-align-left\">Nossa vis\u00e3o<\/h2>\n\n\n\n<p class=\"has-text-align-left has-medium-font-size\" style=\"margin-top:16px\">Nosso foco \u00e9 a medicina hol\u00edstica como medida preventiva para nossos h\u00f3spedes.<\/p>\n\n\n\n<p class=\"has-text-align-left has-medium-font-size\" style=\"margin-top:16px\">ACM significa que nossos h\u00f3spedes experimentam com todos os sentidos nosso resort e a maravilhosa natureza ao redor do resort: Arte - Cultura - Medicina<\/p>\n\n\n\n<p class=\"has-text-align-left has-medium-font-size\" style=\"margin-top:16px\">Fazemos pesquisas para encontrar os melhores lugares nas montanhas ou no mar onde a cura para nossos h\u00f3spedes acontecer\u00e1.<\/p>\n\n\n\n<p class=\"has-text-align-left has-medium-font-size\" style=\"margin-top:16px\">Nos pa\u00edses industrializados ocidentais, as pessoas ficam desequilibradas devido ao estresse di\u00e1rio.<\/p>\n\n\n\n<p class=\"has-text-align-left has-medium-font-size\" style=\"margin-top:16px\">Esse fen\u00f4meno come\u00e7a por volta dos 40 a 45 anos de idade.<\/p>\n\n\n\n<p class=\"has-text-align-left has-medium-font-size\" style=\"margin-top:16px\">Se algu\u00e9m se hospeda por 10 dias em um resort de bem-estar, ele se sente bem.<\/p>\n\n\n\n<p class=\"has-text-align-left has-medium-font-size\" style=\"margin-top:16px\">Mas ao voltar para a vida cotidiana, o efeito positivo desaparece logo.<\/p>\n\n\n\n<p class=\"has-text-align-left has-medium-font-size\" style=\"margin-top:16px\">Por qu\u00ea?<\/p>\n\n\n\n<p class=\"has-text-align-left has-medium-font-size\" style=\"margin-top:16px\">Como n\u00e3o \u00e9 capaz de mudar seus h\u00e1bitos, ele \u00e9 usado por muito tempo.<\/p>\n\n\n\n<p class=\"has-text-align-left has-medium-font-size\" style=\"margin-top:16px\">Por isso, desenvolvemos nosso software &#8220;Medical Coaching&#8221;.<\/p>\n\n\n\n<p class=\"has-text-align-left has-medium-font-size\" style=\"margin-top:16px\">Todos os dados m\u00e9dicos e psicol\u00f3gicos essenciais e os resultados de an\u00e1lises e tratamentos m\u00e9dicos s\u00e3o integrados.<\/p>\n\n\n\n<p class=\"has-text-align-left has-medium-font-size\" style=\"margin-top:16px\">Ap\u00f3s a estada conosco, oferecemos a cada duas semanas uma videoconfer\u00eancia para que voc\u00ea aprenda passo a passo a maneira correta de ter sucesso em sua pr\u00f3pria vida individual.<\/p>\n<\/div>\n\n\n\n<div class=\"wp-block-column is-vertically-aligned-top is-layout-flow wp-block-column-is-layout-flow\" style=\"flex-basis:50%\">\n<figure class=\"wp-block-image aligncenter size-full is-resized\"><img loading=\"lazy\" decoding=\"async\" width=\"730\" height=\"566\" src=\"https:\/\/acm-resorts.com\/wp-content\/uploads\/2025\/03\/13-copy.jpg\" alt=\"\" class=\"wp-image-67\" style=\"width:937px;height:auto\" srcset=\"https:\/\/acm-resorts.com\/wp-content\/uploads\/2025\/03\/13-copy.jpg 730w, https:\/\/acm-resorts.com\/wp-content\/uploads\/2025\/03\/13-copy-300x233.jpg 300w\" sizes=\"auto, (max-width: 730px) 100vw, 730px\" \/><\/figure>\n<\/div>\n<\/div>\n<\/div>\n\n<p><\/p>\n","protected":false},"excerpt":{"rendered":"<p>Nossa vis\u00e3o Nosso foco \u00e9 a medicina hol\u00edstica como medida preventiva para nossos h\u00f3spedes. ACM significa que nossos h\u00f3spedes experimentam com todos os sentidos nosso resort e a maravilhosa natureza ao redor do resort: Arte - Cultura - Medicina Fazemos pesquisas para encontrar os melhores lugares nas montanhas ou no mar onde a cura para [&hellip;]<\/p>\n","protected":false},"author":1,"featured_media":0,"parent":0,"menu_order":0,"comment_status":"closed","ping_status":"closed","template":"no-title","meta":{"footnotes":""},"class_list":["post-626","page","type-page","status-publish","hentry"],"aioseo_notices":[],"_links":{"self":[{"href":"https:\/\/acm-resorts.com\/pt-br\/wp-json\/wp\/v2\/pages\/626","targetHints":{"allow":["GET"]}}],"collection":[{"href":"https:\/\/acm-resorts.com\/pt-br\/wp-json\/wp\/v2\/pages"}],"about":[{"href":"https:\/\/acm-resorts.com\/pt-br\/wp-json\/wp\/v2\/types\/page"}],"author":[{"embeddable":true,"href":"https:\/\/acm-resorts.com\/pt-br\/wp-json\/wp\/v2\/users\/1"}],"replies":[{"embeddable":true,"href":"https:\/\/acm-resorts.com\/pt-br\/wp-json\/wp\/v2\/comments?post=626"}],"version-history":[{"count":3,"href":"https:\/\/acm-resorts.com\/pt-br\/wp-json\/wp\/v2\/pages\/626\/revisions"}],"predecessor-version":[{"id":943,"href":"https:\/\/acm-resorts.com\/pt-br\/wp-json\/wp\/v2\/pages\/626\/revisions\/943"}],"wp:attachment":[{"href":"https:\/\/acm-resorts.com\/pt-br\/wp-json\/wp\/v2\/media?parent=626"}],"curies":[{"name":"wp","href":"https:\/\/api.w.org\/{rel}","templated":true}]}}