{"id":596,"date":"2025-03-01T00:51:10","date_gmt":"2025-03-01T00:51:10","guid":{"rendered":"https:\/\/acm-resorts.com\/por-que-voce-deve-ir-a-um-resort-acm\/"},"modified":"2025-12-02T21:56:48","modified_gmt":"2025-12-02T21:56:48","slug":"por-que-voce-deve-ir-a-um-resort-acm","status":"publish","type":"page","link":"https:\/\/acm-resorts.com\/pt-br\/por-que-voce-deve-ir-a-um-resort-acm\/","title":{"rendered":"Por que voc\u00ea deve ir a um resort ACM?"},"content":{"rendered":"\n<div class=\"wp-block-group alignfull has-tertiary-background-color has-background is-horizontal is-content-justification-left is-nowrap is-layout-flex wp-container-core-group-is-layout-88a5a7db wp-block-group-is-layout-flex\" id=\"testimonials\" style=\"margin-top:0;margin-bottom:0;padding-top:var(--wp--preset--spacing--60);padding-right:var(--wp--preset--spacing--80);padding-bottom:var(--wp--preset--spacing--60);padding-left:var(--wp--preset--spacing--80)\">\n<div class=\"wp-block-group alignfull has-global-padding is-layout-constrained wp-container-core-group-is-layout-78f27ab7 wp-block-group-is-layout-constrained\" style=\"margin-top:0;margin-bottom:0;padding-right:0;padding-left:0\">\n<h2 class=\"wp-block-heading alignwide has-text-align-left\"><strong>Por que ir a um<\/strong> <strong>um resort ACM?<\/strong><\/h2>\n\n\n\n<p class=\"has-text-align-left has-medium-font-size\" style=\"margin-top:16px\">Se voc\u00ea for pela primeira vez ao nosso resort nas montanhas, na pr\u00f3xima vez poder\u00e1 escolher um ACM Resort no mar. Os tratamentos m\u00e9dicos que ele iniciou podem continuar l\u00e1.<\/p>\n\n\n\n<p class=\"has-text-align-left has-medium-font-size\" style=\"margin-top:16px\">Temos os mesmos padr\u00f5es m\u00e9dicos elevados em todos os resorts da ACM.<\/p>\n<\/div>\n\n\n\n<div class=\"wp-block-group has-global-padding is-layout-constrained wp-block-group-is-layout-constrained\">\n<figure class=\"wp-block-image size-large\"><img loading=\"lazy\" decoding=\"async\" width=\"796\" height=\"1024\" src=\"https:\/\/acm-resorts.com\/wp-content\/uploads\/2025\/04\/Jogi_conversation_ret_himmel-796x1024.jpg\" alt=\"\" class=\"wp-image-266\" srcset=\"https:\/\/acm-resorts.com\/wp-content\/uploads\/2025\/04\/Jogi_conversation_ret_himmel-796x1024.jpg 796w, https:\/\/acm-resorts.com\/wp-content\/uploads\/2025\/04\/Jogi_conversation_ret_himmel-233x300.jpg 233w, https:\/\/acm-resorts.com\/wp-content\/uploads\/2025\/04\/Jogi_conversation_ret_himmel-768x987.jpg 768w, https:\/\/acm-resorts.com\/wp-content\/uploads\/2025\/04\/Jogi_conversation_ret_himmel-1195x1536.jpg 1195w, https:\/\/acm-resorts.com\/wp-content\/uploads\/2025\/04\/Jogi_conversation_ret_himmel-1593x2048.jpg 1593w, https:\/\/acm-resorts.com\/wp-content\/uploads\/2025\/04\/Jogi_conversation_ret_himmel.jpg 1792w\" sizes=\"auto, (max-width: 796px) 100vw, 796px\" \/><\/figure>\n<\/div>\n<\/div>\n\n<p><\/p>\n","protected":false},"excerpt":{"rendered":"<p>Por que ir a um um resort ACM? Se voc\u00ea for pela primeira vez ao nosso resort nas montanhas, na pr\u00f3xima vez poder\u00e1 escolher um ACM Resort no mar. Os tratamentos m\u00e9dicos que ele iniciou podem continuar l\u00e1. Temos os mesmos padr\u00f5es m\u00e9dicos elevados em todos os resorts da ACM.<\/p>\n","protected":false},"author":1,"featured_media":0,"parent":0,"menu_order":0,"comment_status":"closed","ping_status":"closed","template":"no-title","meta":{"footnotes":""},"class_list":["post-596","page","type-page","status-publish","hentry"],"aioseo_notices":[],"_links":{"self":[{"href":"https:\/\/acm-resorts.com\/pt-br\/wp-json\/wp\/v2\/pages\/596","targetHints":{"allow":["GET"]}}],"collection":[{"href":"https:\/\/acm-resorts.com\/pt-br\/wp-json\/wp\/v2\/pages"}],"about":[{"href":"https:\/\/acm-resorts.com\/pt-br\/wp-json\/wp\/v2\/types\/page"}],"author":[{"embeddable":true,"href":"https:\/\/acm-resorts.com\/pt-br\/wp-json\/wp\/v2\/users\/1"}],"replies":[{"embeddable":true,"href":"https:\/\/acm-resorts.com\/pt-br\/wp-json\/wp\/v2\/comments?post=596"}],"version-history":[{"count":10,"href":"https:\/\/acm-resorts.com\/pt-br\/wp-json\/wp\/v2\/pages\/596\/revisions"}],"predecessor-version":[{"id":1078,"href":"https:\/\/acm-resorts.com\/pt-br\/wp-json\/wp\/v2\/pages\/596\/revisions\/1078"}],"wp:attachment":[{"href":"https:\/\/acm-resorts.com\/pt-br\/wp-json\/wp\/v2\/media?parent=596"}],"curies":[{"name":"wp","href":"https:\/\/api.w.org\/{rel}","templated":true}]}}