{"id":564,"date":"2025-04-04T13:43:53","date_gmt":"2025-04-04T13:43:53","guid":{"rendered":"https:\/\/acm-resorts.com\/nossa-historia\/"},"modified":"2025-12-02T21:53:57","modified_gmt":"2025-12-02T21:53:57","slug":"nossa-historia","status":"publish","type":"page","link":"https:\/\/acm-resorts.com\/pt-br\/nossa-historia\/","title":{"rendered":"Nossa hist\u00f3ria"},"content":{"rendered":"\n<div class=\"wp-block-group alignfull has-tertiary-background-color has-background has-global-padding is-layout-constrained wp-container-core-group-is-layout-7276a2bb wp-block-group-is-layout-constrained\" style=\"margin-top:0;margin-bottom:0;padding-top:var(--wp--preset--spacing--60);padding-right:var(--wp--preset--spacing--30);padding-bottom:var(--wp--preset--spacing--60);padding-left:var(--wp--preset--spacing--30)\">\n<div class=\"wp-block-columns alignfull are-vertically-aligned-top is-layout-flex wp-container-core-columns-is-layout-47c06fe3 wp-block-columns-is-layout-flex\">\n<div class=\"wp-block-column is-vertically-aligned-top is-layout-flow wp-block-column-is-layout-flow\" style=\"padding-right:var(--wp--preset--spacing--60);padding-left:var(--wp--preset--spacing--60);flex-basis:33.3%\">\n<h2 class=\"wp-block-heading has-large-font-size\">Nossa hist\u00f3ria - Comemorando o 100\u00ba anivers\u00e1rio<\/h2>\n\n\n\n<p class=\"has-medium-font-size\" style=\"margin-top:16px\">1909: Funda\u00e7\u00e3o da empresa Waldsch\u00fctz por Carl Waldsch\u00fctz. O objetivo da empresa era comercializar combust\u00edveis e produtos agr\u00edcolas.\n1968: Durante a ascens\u00e3o econ\u00f4mica, o mercado de energia foi desenvolvido com um alto n\u00edvel de especializa\u00e7\u00e3o. Servi\u00e7o completo da empresa &#8220;Waldsch\u00fctz: Haus und Geb\u00e4udetechnik&#8221; Entrega de \u00f3leo para aquecimento<\/p>\n\n\n\n<p class=\"has-medium-font-size\" style=\"margin-top:16px\">1973 Implementa\u00e7\u00e3o consistente de op\u00e7\u00f5es de economia de energia e desenvolvimento de solu\u00e7\u00f5es espec\u00edficas para o cliente.<br\/>Instala\u00e7\u00e3o de sistemas modernos de aquecimento a \u00f3leo e a g\u00e1s<br\/>Servi\u00e7o e manuten\u00e7\u00e3o<br\/>Fornecimento de combust\u00edvel<br\/>2019: A vasta experi\u00eancia adquirida no passado \u00e9 a base para servi\u00e7os de consultoria, instala\u00e7\u00e3o e suporte especializados nas \u00e1reas de efici\u00eancia energ\u00e9tica e energias renov\u00e1veis. Na terceira gera\u00e7\u00e3o, Andreas Waldsch\u00fctz, formado em tecnologia de energia e administra\u00e7\u00e3o de empresas, colocou a empresa no novo rumo da &#8220;efici\u00eancia energ\u00e9tica&#8221; e das &#8220;energias renov\u00e1veis&#8221;.<\/p>\n\n\n\n<p class=\"has-medium-font-size\" style=\"margin-top:16px\">Carl Waldsch\u00fctz fundou a empresa h\u00e1 100 anos como um banco. Logo depois, as atividades foram ampliadas para incluir o com\u00e9rcio de combust\u00edveis. Durante a crise econ\u00f4mica global de 1929, o banco privado n\u00e3o tinha mais chance sem fazer hedge. Muitos clientes do banco acharam que haviam perdido suas economias.<br\/>Mas Anna Waldsch\u00fctz, que vinha da fam\u00edlia de um fabricante de charutos, doou seus bens particulares aos muitos pequenos poupadores por pura boa vontade.<\/p>\n\n\n\n<p class=\"has-medium-font-size\" style=\"margin-top:16px\">O atual diretor da empresa, Andreas Waldsch\u00fctz, formado em tecnologia de energia e administra\u00e7\u00e3o de empresas, agora est\u00e1 focando consistentemente nos benef\u00edcios ambientais com um novo curso de efici\u00eancia energ\u00e9tica e energias renov\u00e1veis. \u00c9 por isso que os principais valores da Waldsch\u00fctz s\u00e3o \u00e9tica, responsabilidade, efici\u00eancia de recursos, gerenciamento intensivo de inova\u00e7\u00f5es e a\u00e7\u00e3o eficiente e sustent\u00e1vel.<\/p>\n<\/div>\n\n\n\n<div class=\"wp-block-column is-vertically-aligned-top is-layout-flow wp-container-core-column-is-layout-f5bb311e wp-block-column-is-layout-flow\" style=\"flex-basis:50%\">\n<figure class=\"wp-block-gallery has-nested-images columns-default is-cropped wp-block-gallery-1 is-layout-flex wp-block-gallery-is-layout-flex\">\n<figure class=\"wp-block-image size-large\"><img loading=\"lazy\" decoding=\"async\" width=\"1024\" height=\"948\" data-id=\"1058\" src=\"https:\/\/acm-resorts.com\/wp-content\/uploads\/2025\/12\/Gemini_Generated_Image_cth99ecth99ecth9-1024x948.png\" alt=\"\" class=\"wp-image-1058\" srcset=\"https:\/\/acm-resorts.com\/wp-content\/uploads\/2025\/12\/Gemini_Generated_Image_cth99ecth99ecth9-1024x948.png 1024w, https:\/\/acm-resorts.com\/wp-content\/uploads\/2025\/12\/Gemini_Generated_Image_cth99ecth99ecth9-300x278.png 300w, https:\/\/acm-resorts.com\/wp-content\/uploads\/2025\/12\/Gemini_Generated_Image_cth99ecth99ecth9-768x711.png 768w, https:\/\/acm-resorts.com\/wp-content\/uploads\/2025\/12\/Gemini_Generated_Image_cth99ecth99ecth9-1536x1421.png 1536w, https:\/\/acm-resorts.com\/wp-content\/uploads\/2025\/12\/Gemini_Generated_Image_cth99ecth99ecth9-2048x1895.png 2048w\" sizes=\"auto, (max-width: 1024px) 100vw, 1024px\" \/><\/figure>\n<\/figure>\n\n\n\n<div class=\"wp-block-group is-content-justification-center is-nowrap is-layout-flex wp-container-core-group-is-layout-23441af8 wp-block-group-is-layout-flex\">\n<div class=\"wp-block-group is-vertical is-layout-flex wp-container-core-group-is-layout-fe9cc265 wp-block-group-is-layout-flex\">\n<figure class=\"wp-block-image size-large is-resized\"><img loading=\"lazy\" decoding=\"async\" width=\"1134\" height=\"1701\" src=\"https:\/\/acm-resorts.com\/wp-content\/uploads\/2025\/05\/WhatsApp-Image-2025-05-06-at-08.58.45-edited.jpeg\" alt=\"\" class=\"wp-image-1036\" style=\"width:366px;height:auto\" srcset=\"https:\/\/acm-resorts.com\/wp-content\/uploads\/2025\/05\/WhatsApp-Image-2025-05-06-at-08.58.45-edited.jpeg 1134w, https:\/\/acm-resorts.com\/wp-content\/uploads\/2025\/05\/WhatsApp-Image-2025-05-06-at-08.58.45-edited-200x300.jpeg 200w, https:\/\/acm-resorts.com\/wp-content\/uploads\/2025\/05\/WhatsApp-Image-2025-05-06-at-08.58.45-edited-683x1024.jpeg 683w, https:\/\/acm-resorts.com\/wp-content\/uploads\/2025\/05\/WhatsApp-Image-2025-05-06-at-08.58.45-edited-768x1152.jpeg 768w, https:\/\/acm-resorts.com\/wp-content\/uploads\/2025\/05\/WhatsApp-Image-2025-05-06-at-08.58.45-edited-1024x1536.jpeg 1024w\" sizes=\"auto, (max-width: 1134px) 100vw, 1134px\" \/><\/figure>\n<\/div>\n\n\n\n<div class=\"wp-block-group is-vertical is-content-justification-center is-layout-flex wp-container-core-group-is-layout-ce155fab wp-block-group-is-layout-flex\">\n<figure class=\"wp-block-image size-full is-resized\"><img loading=\"lazy\" decoding=\"async\" width=\"1000\" height=\"516\" src=\"https:\/\/acm-resorts.com\/wp-content\/uploads\/2025\/05\/waldschuetz-soziale-verantwortung-kinder.jpg\" alt=\"\" class=\"wp-image-912\" style=\"width:467px;height:auto\" srcset=\"https:\/\/acm-resorts.com\/wp-content\/uploads\/2025\/05\/waldschuetz-soziale-verantwortung-kinder.jpg 1000w, https:\/\/acm-resorts.com\/wp-content\/uploads\/2025\/05\/waldschuetz-soziale-verantwortung-kinder-300x155.jpg 300w, https:\/\/acm-resorts.com\/wp-content\/uploads\/2025\/05\/waldschuetz-soziale-verantwortung-kinder-768x396.jpg 768w\" sizes=\"auto, (max-width: 1000px) 100vw, 1000px\" \/><\/figure>\n\n\n\n<figure class=\"wp-block-image size-full is-resized\"><img loading=\"lazy\" decoding=\"async\" width=\"767\" height=\"511\" src=\"https:\/\/acm-resorts.com\/wp-content\/uploads\/2025\/05\/andreas-waldschuetz-flugzeug-crew.jpg\" alt=\"\" class=\"wp-image-905\" style=\"width:360px;height:auto\" srcset=\"https:\/\/acm-resorts.com\/wp-content\/uploads\/2025\/05\/andreas-waldschuetz-flugzeug-crew.jpg 767w, https:\/\/acm-resorts.com\/wp-content\/uploads\/2025\/05\/andreas-waldschuetz-flugzeug-crew-300x200.jpg 300w\" sizes=\"auto, (max-width: 767px) 100vw, 767px\" \/><\/figure>\n<\/div>\n<\/div>\n<\/div>\n<\/div>\n\n\n\n<p style=\"margin-top:16px\"><\/p>\n<\/div>\n\n<p><\/p>\n","protected":false},"excerpt":{"rendered":"<p>Nossa hist\u00f3ria - Comemorando o 100\u00ba anivers\u00e1rio 1909: Funda\u00e7\u00e3o da empresa Waldsch\u00fctz por Carl Waldsch\u00fctz. O objetivo da empresa era comercializar combust\u00edveis e produtos agr\u00edcolas. 1968: Durante a ascens\u00e3o econ\u00f4mica, o mercado de energia foi desenvolvido com um alto n\u00edvel de especializa\u00e7\u00e3o. Servi\u00e7o completo da empresa &#8220;Waldsch\u00fctz: Haus und Geb\u00e4udetechnik&#8221; Entrega de \u00f3leo para aquecimento [&hellip;]<\/p>\n","protected":false},"author":1,"featured_media":0,"parent":0,"menu_order":0,"comment_status":"closed","ping_status":"closed","template":"no-title","meta":{"footnotes":""},"class_list":["post-564","page","type-page","status-publish","hentry"],"aioseo_notices":[],"_links":{"self":[{"href":"https:\/\/acm-resorts.com\/pt-br\/wp-json\/wp\/v2\/pages\/564","targetHints":{"allow":["GET"]}}],"collection":[{"href":"https:\/\/acm-resorts.com\/pt-br\/wp-json\/wp\/v2\/pages"}],"about":[{"href":"https:\/\/acm-resorts.com\/pt-br\/wp-json\/wp\/v2\/types\/page"}],"author":[{"embeddable":true,"href":"https:\/\/acm-resorts.com\/pt-br\/wp-json\/wp\/v2\/users\/1"}],"replies":[{"embeddable":true,"href":"https:\/\/acm-resorts.com\/pt-br\/wp-json\/wp\/v2\/comments?post=564"}],"version-history":[{"count":4,"href":"https:\/\/acm-resorts.com\/pt-br\/wp-json\/wp\/v2\/pages\/564\/revisions"}],"predecessor-version":[{"id":1071,"href":"https:\/\/acm-resorts.com\/pt-br\/wp-json\/wp\/v2\/pages\/564\/revisions\/1071"}],"wp:attachment":[{"href":"https:\/\/acm-resorts.com\/pt-br\/wp-json\/wp\/v2\/media?parent=564"}],"curies":[{"name":"wp","href":"https:\/\/api.w.org\/{rel}","templated":true}]}}