{"id":562,"date":"2025-04-04T13:43:53","date_gmt":"2025-04-04T13:43:53","guid":{"rendered":"https:\/\/acm-resorts.com\/la-nostra-storia\/"},"modified":"2025-12-02T21:53:57","modified_gmt":"2025-12-02T21:53:57","slug":"la-nostra-storia","status":"publish","type":"page","link":"https:\/\/acm-resorts.com\/it\/la-nostra-storia\/","title":{"rendered":"La nostra storia"},"content":{"rendered":"\n<div class=\"wp-block-group alignfull has-tertiary-background-color has-background has-global-padding is-layout-constrained wp-container-core-group-is-layout-7276a2bb wp-block-group-is-layout-constrained\" style=\"margin-top:0;margin-bottom:0;padding-top:var(--wp--preset--spacing--60);padding-right:var(--wp--preset--spacing--30);padding-bottom:var(--wp--preset--spacing--60);padding-left:var(--wp--preset--spacing--30)\">\n<div class=\"wp-block-columns alignfull are-vertically-aligned-top is-layout-flex wp-container-core-columns-is-layout-47c06fe3 wp-block-columns-is-layout-flex\">\n<div class=\"wp-block-column is-vertically-aligned-top is-layout-flow wp-block-column-is-layout-flow\" style=\"padding-right:var(--wp--preset--spacing--60);padding-left:var(--wp--preset--spacing--60);flex-basis:33.3%\">\n<h2 class=\"wp-block-heading has-large-font-size\">La nostra storia - Festeggiamo il 100\u00b0 anniversario<\/h2>\n\n\n\n<p class=\"has-medium-font-size\" style=\"margin-top:16px\">1909: Fondazione dell&#8217;azienda Waldsch\u00fctz da parte di Carl Waldsch\u00fctz. Lo scopo dell&#8217;azienda era il commercio di carburanti e prodotti agricoli.\n1968: Nel corso della ripresa economica, il mercato dell&#8217;energia viene ulteriormente sviluppato con un elevato livello di competenza. Servizio completo da parte dell&#8217;azienda &#8220;Waldsch\u00fctz: Haus und Geb\u00e4udetechnik&#8221; Consegna di gasolio per riscaldamento<\/p>\n\n\n\n<p class=\"has-medium-font-size\" style=\"margin-top:16px\">1973 Attuazione coerente delle opzioni di risparmio energetico e sviluppo di soluzioni specifiche per i clienti.<br\/>Installazione di moderni sistemi di riscaldamento a gas e a olio<br\/>Assistenza e manutenzione<br\/>Fornitura di combustibile<br\/>2019: L&#8217;ampio bagaglio di esperienza acquisito in passato \u00e8 la base per una consulenza esperta, per l&#8217;installazione e per i servizi di assistenza nei settori dell&#8217;efficienza energetica e delle energie rinnovabili. Nella terza generazione, Andreas Waldsch\u00fctz, formato in tecnologia energetica e amministrazione aziendale, ha impostato l&#8217;azienda sul nuovo corso dell'&#8221;efficienza energetica&#8221; e delle &#8220;energie rinnovabili&#8221;.<\/p>\n\n\n\n<p class=\"has-medium-font-size\" style=\"margin-top:16px\">Carl Waldsch\u00fctz ha fondato l&#8217;azienda 100 anni fa come banca. Poco dopo, le attivit\u00e0 sono state ampliate per includere il commercio di carburanti. Durante la crisi economica globale del 1929, la banca privata non aveva pi\u00f9 alcuna possibilit\u00e0 senza copertura. Molti clienti delle banche pensarono di aver perso i loro risparmi.<br\/>Ma Anna Waldsch\u00fctz, che proveniva da una famiglia di produttori di sigari, don\u00f2 il suo patrimonio privato ai tanti piccoli risparmiatori per pura buona volont\u00e0.<\/p>\n\n\n\n<p class=\"has-medium-font-size\" style=\"margin-top:16px\">L&#8217;attuale direttore dell&#8217;azienda Andreas Waldsch\u00fctz, con una formazione in tecnologia energetica e amministrazione aziendale, si sta concentrando sui benefici ambientali con un nuovo corso di efficienza energetica ed energie rinnovabili. Per questo motivo i valori fondamentali di Waldsch\u00fctz sono l&#8217;etica, la responsabilit\u00e0, l&#8217;efficienza delle risorse, la gestione intensiva dell&#8217;innovazione e un&#8217;azione efficiente e sostenibile.<\/p>\n<\/div>\n\n\n\n<div class=\"wp-block-column is-vertically-aligned-top is-layout-flow wp-container-core-column-is-layout-f5bb311e wp-block-column-is-layout-flow\" style=\"flex-basis:50%\">\n<figure class=\"wp-block-gallery has-nested-images columns-default is-cropped wp-block-gallery-1 is-layout-flex wp-block-gallery-is-layout-flex\">\n<figure class=\"wp-block-image size-large\"><img loading=\"lazy\" decoding=\"async\" width=\"1024\" height=\"948\" data-id=\"1058\" src=\"https:\/\/acm-resorts.com\/wp-content\/uploads\/2025\/12\/Gemini_Generated_Image_cth99ecth99ecth9-1024x948.png\" alt=\"\" class=\"wp-image-1058\" srcset=\"https:\/\/acm-resorts.com\/wp-content\/uploads\/2025\/12\/Gemini_Generated_Image_cth99ecth99ecth9-1024x948.png 1024w, https:\/\/acm-resorts.com\/wp-content\/uploads\/2025\/12\/Gemini_Generated_Image_cth99ecth99ecth9-300x278.png 300w, https:\/\/acm-resorts.com\/wp-content\/uploads\/2025\/12\/Gemini_Generated_Image_cth99ecth99ecth9-768x711.png 768w, https:\/\/acm-resorts.com\/wp-content\/uploads\/2025\/12\/Gemini_Generated_Image_cth99ecth99ecth9-1536x1421.png 1536w, https:\/\/acm-resorts.com\/wp-content\/uploads\/2025\/12\/Gemini_Generated_Image_cth99ecth99ecth9-2048x1895.png 2048w\" sizes=\"auto, (max-width: 1024px) 100vw, 1024px\" \/><\/figure>\n<\/figure>\n\n\n\n<div class=\"wp-block-group is-content-justification-center is-nowrap is-layout-flex wp-container-core-group-is-layout-23441af8 wp-block-group-is-layout-flex\">\n<div class=\"wp-block-group is-vertical is-layout-flex wp-container-core-group-is-layout-fe9cc265 wp-block-group-is-layout-flex\">\n<figure class=\"wp-block-image size-large is-resized\"><img loading=\"lazy\" decoding=\"async\" width=\"1134\" height=\"1701\" src=\"https:\/\/acm-resorts.com\/wp-content\/uploads\/2025\/05\/WhatsApp-Image-2025-05-06-at-08.58.45-edited.jpeg\" alt=\"\" class=\"wp-image-1036\" style=\"width:366px;height:auto\" srcset=\"https:\/\/acm-resorts.com\/wp-content\/uploads\/2025\/05\/WhatsApp-Image-2025-05-06-at-08.58.45-edited.jpeg 1134w, https:\/\/acm-resorts.com\/wp-content\/uploads\/2025\/05\/WhatsApp-Image-2025-05-06-at-08.58.45-edited-200x300.jpeg 200w, https:\/\/acm-resorts.com\/wp-content\/uploads\/2025\/05\/WhatsApp-Image-2025-05-06-at-08.58.45-edited-683x1024.jpeg 683w, https:\/\/acm-resorts.com\/wp-content\/uploads\/2025\/05\/WhatsApp-Image-2025-05-06-at-08.58.45-edited-768x1152.jpeg 768w, https:\/\/acm-resorts.com\/wp-content\/uploads\/2025\/05\/WhatsApp-Image-2025-05-06-at-08.58.45-edited-1024x1536.jpeg 1024w\" sizes=\"auto, (max-width: 1134px) 100vw, 1134px\" \/><\/figure>\n<\/div>\n\n\n\n<div class=\"wp-block-group is-vertical is-content-justification-center is-layout-flex wp-container-core-group-is-layout-ce155fab wp-block-group-is-layout-flex\">\n<figure class=\"wp-block-image size-full is-resized\"><img loading=\"lazy\" decoding=\"async\" width=\"1000\" height=\"516\" src=\"https:\/\/acm-resorts.com\/wp-content\/uploads\/2025\/05\/waldschuetz-soziale-verantwortung-kinder.jpg\" alt=\"\" class=\"wp-image-912\" style=\"width:467px;height:auto\" srcset=\"https:\/\/acm-resorts.com\/wp-content\/uploads\/2025\/05\/waldschuetz-soziale-verantwortung-kinder.jpg 1000w, https:\/\/acm-resorts.com\/wp-content\/uploads\/2025\/05\/waldschuetz-soziale-verantwortung-kinder-300x155.jpg 300w, https:\/\/acm-resorts.com\/wp-content\/uploads\/2025\/05\/waldschuetz-soziale-verantwortung-kinder-768x396.jpg 768w\" sizes=\"auto, (max-width: 1000px) 100vw, 1000px\" \/><\/figure>\n\n\n\n<figure class=\"wp-block-image size-full is-resized\"><img loading=\"lazy\" decoding=\"async\" width=\"767\" height=\"511\" src=\"https:\/\/acm-resorts.com\/wp-content\/uploads\/2025\/05\/andreas-waldschuetz-flugzeug-crew.jpg\" alt=\"\" class=\"wp-image-905\" style=\"width:360px;height:auto\" srcset=\"https:\/\/acm-resorts.com\/wp-content\/uploads\/2025\/05\/andreas-waldschuetz-flugzeug-crew.jpg 767w, https:\/\/acm-resorts.com\/wp-content\/uploads\/2025\/05\/andreas-waldschuetz-flugzeug-crew-300x200.jpg 300w\" sizes=\"auto, (max-width: 767px) 100vw, 767px\" \/><\/figure>\n<\/div>\n<\/div>\n<\/div>\n<\/div>\n\n\n\n<p style=\"margin-top:16px\"><\/p>\n<\/div>\n\n<p><\/p>\n","protected":false},"excerpt":{"rendered":"<p>La nostra storia - Festeggiamo il 100\u00b0 anniversario 1909: Fondazione dell&#8217;azienda Waldsch\u00fctz da parte di Carl Waldsch\u00fctz. Lo scopo dell&#8217;azienda era il commercio di carburanti e prodotti agricoli. 1968: Nel corso della ripresa economica, il mercato dell&#8217;energia viene ulteriormente sviluppato con un elevato livello di competenza. Servizio completo da parte dell&#8217;azienda &#8220;Waldsch\u00fctz: Haus und Geb\u00e4udetechnik&#8221; [&hellip;]<\/p>\n","protected":false},"author":1,"featured_media":0,"parent":0,"menu_order":0,"comment_status":"closed","ping_status":"closed","template":"no-title","meta":{"footnotes":""},"class_list":["post-562","page","type-page","status-publish","hentry"],"aioseo_notices":[],"_links":{"self":[{"href":"https:\/\/acm-resorts.com\/it\/wp-json\/wp\/v2\/pages\/562","targetHints":{"allow":["GET"]}}],"collection":[{"href":"https:\/\/acm-resorts.com\/it\/wp-json\/wp\/v2\/pages"}],"about":[{"href":"https:\/\/acm-resorts.com\/it\/wp-json\/wp\/v2\/types\/page"}],"author":[{"embeddable":true,"href":"https:\/\/acm-resorts.com\/it\/wp-json\/wp\/v2\/users\/1"}],"replies":[{"embeddable":true,"href":"https:\/\/acm-resorts.com\/it\/wp-json\/wp\/v2\/comments?post=562"}],"version-history":[{"count":4,"href":"https:\/\/acm-resorts.com\/it\/wp-json\/wp\/v2\/pages\/562\/revisions"}],"predecessor-version":[{"id":1069,"href":"https:\/\/acm-resorts.com\/it\/wp-json\/wp\/v2\/pages\/562\/revisions\/1069"}],"wp:attachment":[{"href":"https:\/\/acm-resorts.com\/it\/wp-json\/wp\/v2\/media?parent=562"}],"curies":[{"name":"wp","href":"https:\/\/api.w.org\/{rel}","templated":true}]}}