{"id":641,"date":"2025-03-01T00:51:09","date_gmt":"2025-03-01T00:51:09","guid":{"rendered":"https:\/\/acm-resorts.com\/pdg-et-fondateur-de-lacm-resorts\/"},"modified":"2025-05-03T11:49:22","modified_gmt":"2025-05-03T11:49:22","slug":"pdg-et-fondateur-de-lacm-resorts","status":"publish","type":"page","link":"https:\/\/acm-resorts.com\/fr\/pdg-et-fondateur-de-lacm-resorts\/","title":{"rendered":"PDG et fondateur de l&rsquo;ACM Resorts"},"content":{"rendered":"\n<div class=\"wp-block-group alignfull has-tertiary-background-color has-background is-nowrap is-layout-flex wp-container-core-group-is-layout-dc8bf109 wp-block-group-is-layout-flex\" id=\"about\" style=\"margin-top:0;margin-bottom:0;padding-top:var(--wp--preset--spacing--60);padding-right:var(--wp--preset--spacing--30);padding-bottom:var(--wp--preset--spacing--60);padding-left:var(--wp--preset--spacing--30)\">\n<div class=\"wp-block-columns alignfull has-medium-font-size is-layout-flex wp-container-core-columns-is-layout-cf2eabc1 wp-block-columns-is-layout-flex\" style=\"margin-top:0;margin-bottom:0;padding-right:0;padding-left:0\">\n<div class=\"wp-block-column is-vertically-aligned-top is-layout-flow wp-container-core-column-is-layout-27b7a239 wp-block-column-is-layout-flow\" style=\"padding-right:0;padding-left:0em;flex-basis:50%\">\n<h2 class=\"wp-block-heading has-text-align-left\"><strong>PDG et fondateur de l&rsquo;ACM Resorts<\/strong><\/h2>\n\n\n\n<p class=\"has-text-align-left has-medium-font-size\" style=\"margin-top:16px\">Andreas, titulaire d&rsquo;un MBA et d&rsquo;un Master of Science, a dirig\u00e9 une entreprise familiale de taille moyenne employant 120 personnes en Allemagne.<\/p>\n\n\n\n<p class=\"has-medium-font-size\" style=\"margin-top:16px\">\u00c0 la fin des ann\u00e9es 90, il a d\u00e9cid\u00e9 de vendre l&rsquo;entreprise pour relever un nouveau d\u00e9fi.<\/p>\n\n\n\n<p class=\"has-medium-font-size\" style=\"margin-top:16px;margin-right:0\">Au cours des ann\u00e9es suivantes, il s&rsquo;est rendu en Asie et en Am\u00e9rique du Nord pour des missions de conseil en mati\u00e8re d&rsquo;\u00e9nergie.<\/p>\n\n\n\n<p class=\"has-medium-font-size\" style=\"margin-top:16px\">\u00c0 cette \u00e9poque, il a pris conscience de l&rsquo;\u00e9nergie de la nature et du message pour l&rsquo;humanit\u00e9.<\/p>\n\n\n\n<p class=\"has-medium-font-size\" style=\"margin-top:16px\">Fort de ces connaissances, il a commenc\u00e9 en 2017 \u00e0 d\u00e9velopper le concept ACM.<\/p>\n\n\n\n<p class=\"has-medium-font-size\" style=\"margin-top:16px\">Il a pratiqu\u00e9 le dialogue avec d&rsquo;\u00e9minents experts de diff\u00e9rentes disciplines m\u00e9dicales.<\/p>\n\n\n\n<p class=\"has-text-align-left has-medium-font-size\" style=\"margin-top:16px\">Le r\u00e9sultat est le concept d&rsquo;ACM m\u00e9dical holistique.<\/p>\n<\/div>\n\n\n\n<div class=\"wp-block-column is-vertically-aligned-center is-layout-flow wp-block-column-is-layout-flow\" style=\"flex-basis:50%\">\n<figure class=\"wp-block-image aligncenter size-large\"><img loading=\"lazy\" decoding=\"async\" width=\"1024\" height=\"682\" src=\"https:\/\/acm-resorts.com\/wp-content\/uploads\/2025\/03\/DSC_2305-e1742229592423-1024x682.jpg\" alt=\"\" class=\"wp-image-137\" srcset=\"https:\/\/acm-resorts.com\/wp-content\/uploads\/2025\/03\/DSC_2305-e1742229592423-1024x682.jpg 1024w, https:\/\/acm-resorts.com\/wp-content\/uploads\/2025\/03\/DSC_2305-e1742229592423-300x200.jpg 300w, https:\/\/acm-resorts.com\/wp-content\/uploads\/2025\/03\/DSC_2305-e1742229592423-768x512.jpg 768w, https:\/\/acm-resorts.com\/wp-content\/uploads\/2025\/03\/DSC_2305-e1742229592423-1536x1023.jpg 1536w, https:\/\/acm-resorts.com\/wp-content\/uploads\/2025\/03\/DSC_2305-e1742229592423.jpg 1546w\" sizes=\"auto, (max-width: 1024px) 100vw, 1024px\" \/><\/figure>\n<\/div>\n<\/div>\n<\/div>\n\n<p><\/p>\n","protected":false},"excerpt":{"rendered":"<p>PDG et fondateur de l&rsquo;ACM Resorts Andreas, titulaire d&rsquo;un MBA et d&rsquo;un Master of Science, a dirig\u00e9 une entreprise familiale de taille moyenne employant 120 personnes en Allemagne. \u00c0 la fin des ann\u00e9es 90, il a d\u00e9cid\u00e9 de vendre l&rsquo;entreprise pour relever un nouveau d\u00e9fi. Au cours des ann\u00e9es suivantes, il s&rsquo;est rendu en Asie [&hellip;]<\/p>\n","protected":false},"author":1,"featured_media":0,"parent":0,"menu_order":0,"comment_status":"closed","ping_status":"closed","template":"no-title","meta":{"footnotes":""},"class_list":["post-641","page","type-page","status-publish","hentry"],"aioseo_notices":[],"_links":{"self":[{"href":"https:\/\/acm-resorts.com\/fr\/wp-json\/wp\/v2\/pages\/641","targetHints":{"allow":["GET"]}}],"collection":[{"href":"https:\/\/acm-resorts.com\/fr\/wp-json\/wp\/v2\/pages"}],"about":[{"href":"https:\/\/acm-resorts.com\/fr\/wp-json\/wp\/v2\/types\/page"}],"author":[{"embeddable":true,"href":"https:\/\/acm-resorts.com\/fr\/wp-json\/wp\/v2\/users\/1"}],"replies":[{"embeddable":true,"href":"https:\/\/acm-resorts.com\/fr\/wp-json\/wp\/v2\/comments?post=641"}],"version-history":[{"count":3,"href":"https:\/\/acm-resorts.com\/fr\/wp-json\/wp\/v2\/pages\/641\/revisions"}],"predecessor-version":[{"id":1013,"href":"https:\/\/acm-resorts.com\/fr\/wp-json\/wp\/v2\/pages\/641\/revisions\/1013"}],"wp:attachment":[{"href":"https:\/\/acm-resorts.com\/fr\/wp-json\/wp\/v2\/media?parent=641"}],"curies":[{"name":"wp","href":"https:\/\/api.w.org\/{rel}","templated":true}]}}