{"id":635,"date":"2025-03-01T00:51:09","date_gmt":"2025-03-01T00:51:09","guid":{"rendered":"https:\/\/acm-resorts.com\/notre-vision\/"},"modified":"2025-05-03T11:31:35","modified_gmt":"2025-05-03T11:31:35","slug":"notre-vision","status":"publish","type":"page","link":"https:\/\/acm-resorts.com\/fr\/notre-vision\/","title":{"rendered":"Notre vision"},"content":{"rendered":"\n<div class=\"wp-block-group alignfull has-tertiary-background-color has-background has-global-padding is-layout-constrained wp-container-core-group-is-layout-2fd3be65 wp-block-group-is-layout-constrained\" id=\"about\" style=\"margin-top:0;margin-bottom:0;padding-top:var(--wp--preset--spacing--50);padding-right:0;padding-bottom:var(--wp--preset--spacing--50);padding-left:0\">\n<div class=\"wp-block-columns alignfull is-layout-flex wp-container-core-columns-is-layout-47c06fe3 wp-block-columns-is-layout-flex\">\n<div class=\"wp-block-column is-vertically-aligned-center is-layout-flow wp-container-core-column-is-layout-a5a03dca wp-block-column-is-layout-flow\" style=\"padding-right:var(--wp--preset--spacing--60);padding-left:9vw;flex-basis:27%\">\n<h2 class=\"wp-block-heading has-text-align-left\">Notre vision<\/h2>\n\n\n\n<p class=\"has-text-align-left has-medium-font-size\" style=\"margin-top:16px\">Nous mettons l&rsquo;accent sur la m\u00e9decine holistique comme mesure de pr\u00e9vention pour nos h\u00f4tes.<\/p>\n\n\n\n<p class=\"has-text-align-left has-medium-font-size\" style=\"margin-top:16px\">ACM signifie que nos h\u00f4tes font l&rsquo;exp\u00e9rience de tous les sens dans notre \u00e9tablissement et dans la merveilleuse nature qui l&rsquo;entoure : Art - Culture - M\u00e9decine<\/p>\n\n\n\n<p class=\"has-text-align-left has-medium-font-size\" style=\"margin-top:16px\">Nous faisons des recherches pour trouver les meilleurs endroits dans les montagnes ou \u00e0 la mer o\u00f9 la gu\u00e9rison de nos h\u00f4tes aura lieu.<\/p>\n\n\n\n<p class=\"has-text-align-left has-medium-font-size\" style=\"margin-top:16px\">Dans les pays occidentaux industrialis\u00e9s, le stress quotidien d\u00e9s\u00e9quilibre les individus.<\/p>\n\n\n\n<p class=\"has-text-align-left has-medium-font-size\" style=\"margin-top:16px\">Ce ph\u00e9nom\u00e8ne commence \u00e0 l&rsquo;\u00e2ge de 40 \u00e0 45 ans.<\/p>\n\n\n\n<p class=\"has-text-align-left has-medium-font-size\" style=\"margin-top:16px\">Si quelqu&rsquo;un s\u00e9journe pendant 10 jours dans un centre de bien-\u00eatre, il se sent bien.<\/p>\n\n\n\n<p class=\"has-text-align-left has-medium-font-size\" style=\"margin-top:16px\">Mais de retour \u00e0 la vie quotidienne, l&rsquo;effet positif dispara\u00eet rapidement.<\/p>\n\n\n\n<p class=\"has-text-align-left has-medium-font-size\" style=\"margin-top:16px\">Pourquoi ?<\/p>\n\n\n\n<p class=\"has-text-align-left has-medium-font-size\" style=\"margin-top:16px\">Parce qu&rsquo;il n&rsquo;est pas capable de changer ses habitudes, il est utilis\u00e9 pendant longtemps.<\/p>\n\n\n\n<p class=\"has-text-align-left has-medium-font-size\" style=\"margin-top:16px\">C&rsquo;est pourquoi nous avons d\u00e9velopp\u00e9 notre logiciel \u00ab\u00a0Medical Coaching\u00a0\u00bb.<\/p>\n\n\n\n<p class=\"has-text-align-left has-medium-font-size\" style=\"margin-top:16px\">Toutes les donn\u00e9es m\u00e9dicales et psychologiques essentielles ainsi que les r\u00e9sultats des analyses m\u00e9dicales et des traitements sont int\u00e9gr\u00e9s.<\/p>\n\n\n\n<p class=\"has-text-align-left has-medium-font-size\" style=\"margin-top:16px\">Apr\u00e8s le s\u00e9jour, nous proposons toutes les deux semaines une vid\u00e9oconf\u00e9rence pour expliquer \u00e9tape par \u00e9tape la bonne fa\u00e7on de r\u00e9ussir dans sa propre vie.<\/p>\n<\/div>\n\n\n\n<div class=\"wp-block-column is-vertically-aligned-top is-layout-flow wp-block-column-is-layout-flow\" style=\"flex-basis:50%\">\n<figure class=\"wp-block-image aligncenter size-full is-resized\"><img loading=\"lazy\" decoding=\"async\" width=\"730\" height=\"566\" src=\"https:\/\/acm-resorts.com\/wp-content\/uploads\/2025\/03\/13-copy.jpg\" alt=\"\" class=\"wp-image-67\" style=\"width:937px;height:auto\" srcset=\"https:\/\/acm-resorts.com\/wp-content\/uploads\/2025\/03\/13-copy.jpg 730w, https:\/\/acm-resorts.com\/wp-content\/uploads\/2025\/03\/13-copy-300x233.jpg 300w\" sizes=\"auto, (max-width: 730px) 100vw, 730px\" \/><\/figure>\n<\/div>\n<\/div>\n<\/div>\n\n<p><\/p>\n","protected":false},"excerpt":{"rendered":"<p>Notre vision Nous mettons l&rsquo;accent sur la m\u00e9decine holistique comme mesure de pr\u00e9vention pour nos h\u00f4tes. ACM signifie que nos h\u00f4tes font l&rsquo;exp\u00e9rience de tous les sens dans notre \u00e9tablissement et dans la merveilleuse nature qui l&rsquo;entoure : Art - Culture - M\u00e9decine Nous faisons des recherches pour trouver les meilleurs endroits dans les montagnes [&hellip;]<\/p>\n","protected":false},"author":1,"featured_media":0,"parent":0,"menu_order":0,"comment_status":"closed","ping_status":"closed","template":"no-title","meta":{"footnotes":""},"class_list":["post-635","page","type-page","status-publish","hentry"],"aioseo_notices":[],"_links":{"self":[{"href":"https:\/\/acm-resorts.com\/fr\/wp-json\/wp\/v2\/pages\/635","targetHints":{"allow":["GET"]}}],"collection":[{"href":"https:\/\/acm-resorts.com\/fr\/wp-json\/wp\/v2\/pages"}],"about":[{"href":"https:\/\/acm-resorts.com\/fr\/wp-json\/wp\/v2\/types\/page"}],"author":[{"embeddable":true,"href":"https:\/\/acm-resorts.com\/fr\/wp-json\/wp\/v2\/users\/1"}],"replies":[{"embeddable":true,"href":"https:\/\/acm-resorts.com\/fr\/wp-json\/wp\/v2\/comments?post=635"}],"version-history":[{"count":4,"href":"https:\/\/acm-resorts.com\/fr\/wp-json\/wp\/v2\/pages\/635\/revisions"}],"predecessor-version":[{"id":1027,"href":"https:\/\/acm-resorts.com\/fr\/wp-json\/wp\/v2\/pages\/635\/revisions\/1027"}],"wp:attachment":[{"href":"https:\/\/acm-resorts.com\/fr\/wp-json\/wp\/v2\/media?parent=635"}],"curies":[{"name":"wp","href":"https:\/\/api.w.org\/{rel}","templated":true}]}}