{"id":612,"date":"2025-03-01T00:51:09","date_gmt":"2025-03-01T00:51:09","guid":{"rendered":"https:\/\/acm-resorts.com\/concept-medical\/"},"modified":"2025-05-03T11:43:56","modified_gmt":"2025-05-03T11:43:56","slug":"concept-medical","status":"publish","type":"page","link":"https:\/\/acm-resorts.com\/fr\/concept-medical\/","title":{"rendered":"Concept m\u00e9dical"},"content":{"rendered":"\n<div class=\"wp-block-group alignfull has-tertiary-background-color has-background is-content-justification-left is-layout-flex wp-container-core-group-is-layout-b9696b7f wp-block-group-is-layout-flex\" id=\"services\" style=\"margin-top:0;margin-bottom:0;padding-top:var(--wp--preset--spacing--60);padding-right:var(--wp--preset--spacing--30);padding-bottom:var(--wp--preset--spacing--60);padding-left:var(--wp--preset--spacing--30)\">\n<div class=\"wp-block-columns is-layout-flex wp-container-core-columns-is-layout-28f84493 wp-block-columns-is-layout-flex\">\n<div class=\"wp-block-column is-layout-flow wp-block-column-is-layout-flow\" style=\"flex-basis:100%\">\n<div class=\"wp-block-group has-global-padding is-layout-constrained wp-block-group-is-layout-constrained\"><\/div>\n<\/div>\n<\/div>\n\n\n\n<div class=\"wp-block-group is-horizontal is-content-justification-left is-layout-flex wp-container-core-group-is-layout-a86bb09c wp-block-group-is-layout-flex\">\n<div class=\"wp-block-group has-global-padding is-layout-constrained wp-block-group-is-layout-constrained\">\n<h2 class=\"wp-block-heading alignwide has-text-align-left\"><strong>Concept m\u00e9dical<\/strong><\/h2>\n\n\n\n<p class=\"has-text-align-left has-medium-font-size\" style=\"margin-top:16px\">Il est bien connu que les cliniques de sant\u00e9 du march\u00e9 n&rsquo;offrent qu&rsquo;une m\u00e9decine et des traitements superficiels. Il n&rsquo;y a pas de r\u00e9sultat durable pour le patient. <\/p>\n\n\n\n<p class=\"has-medium-font-size\">Il en va de m\u00eame pour les h\u00f4tels de bien-\u00eatre classiques qui proposent des conf\u00e9rences m\u00e9dicales mensuelles en temps limit\u00e9.<\/p>\n\n\n\n<p class=\"has-medium-font-size\">ACM Resorts dispose d&rsquo;un m\u00e9decin exp\u00e9riment\u00e9 qui est pr\u00e9sent tous les jours.<\/p>\n\n\n\n<p class=\"has-medium-font-size\">Lui et ses coll\u00e8gues, ainsi que l&rsquo;\u00e9quipe de physioth\u00e9rapie, s&rsquo;occupent des h\u00f4tes.<\/p>\n\n\n\n<p class=\"has-medium-font-size\">C&rsquo;est un fait que beaucoup de gens, \u00e0 partir d&rsquo;un certain \u00e2ge, ont une souffrance de base.<\/p>\n\n\n\n<p class=\"has-text-align-left has-medium-font-size\">C&rsquo;est pourquoi nous attachons de l&rsquo;importance \u00e0 un niveau m\u00e9dical de haute qualit\u00e9.<\/p>\n<\/div>\n\n\n\n<div class=\"wp-block-group has-global-padding is-layout-constrained wp-block-group-is-layout-constrained\">\n<figure class=\"wp-block-gallery has-nested-images columns-default is-cropped wp-block-gallery-1 is-layout-flex wp-block-gallery-is-layout-flex\">\n<figure class=\"wp-block-image size-full\" style=\"margin-right:0;margin-left:0\"><img loading=\"lazy\" decoding=\"async\" width=\"2386\" height=\"1760\" data-id=\"195\" src=\"https:\/\/acm-resorts.com\/wp-content\/uploads\/2025\/03\/11062b_86a8b19547a44e38a532db0c8f641983mv2.jpeg\" alt=\"\" class=\"wp-image-195\" style=\"object-fit:cover\" srcset=\"https:\/\/acm-resorts.com\/wp-content\/uploads\/2025\/03\/11062b_86a8b19547a44e38a532db0c8f641983mv2.jpeg 2386w, https:\/\/acm-resorts.com\/wp-content\/uploads\/2025\/03\/11062b_86a8b19547a44e38a532db0c8f641983mv2-300x221.jpeg 300w, https:\/\/acm-resorts.com\/wp-content\/uploads\/2025\/03\/11062b_86a8b19547a44e38a532db0c8f641983mv2-1024x755.jpeg 1024w, https:\/\/acm-resorts.com\/wp-content\/uploads\/2025\/03\/11062b_86a8b19547a44e38a532db0c8f641983mv2-768x567.jpeg 768w, https:\/\/acm-resorts.com\/wp-content\/uploads\/2025\/03\/11062b_86a8b19547a44e38a532db0c8f641983mv2-1536x1133.jpeg 1536w, https:\/\/acm-resorts.com\/wp-content\/uploads\/2025\/03\/11062b_86a8b19547a44e38a532db0c8f641983mv2-2048x1511.jpeg 2048w\" sizes=\"auto, (max-width: 2386px) 100vw, 2386px\" \/><\/figure>\n<\/figure>\n<\/div>\n<\/div>\n<\/div>\n\n<p><\/p>\n","protected":false},"excerpt":{"rendered":"<p>Concept m\u00e9dical Il est bien connu que les cliniques de sant\u00e9 du march\u00e9 n&rsquo;offrent qu&rsquo;une m\u00e9decine et des traitements superficiels. Il n&rsquo;y a pas de r\u00e9sultat durable pour le patient. Il en va de m\u00eame pour les h\u00f4tels de bien-\u00eatre classiques qui proposent des conf\u00e9rences m\u00e9dicales mensuelles en temps limit\u00e9. ACM Resorts dispose d&rsquo;un m\u00e9decin [&hellip;]<\/p>\n","protected":false},"author":1,"featured_media":0,"parent":0,"menu_order":0,"comment_status":"closed","ping_status":"closed","template":"no-title","meta":{"footnotes":""},"class_list":["post-612","page","type-page","status-publish","hentry"],"aioseo_notices":[],"_links":{"self":[{"href":"https:\/\/acm-resorts.com\/fr\/wp-json\/wp\/v2\/pages\/612","targetHints":{"allow":["GET"]}}],"collection":[{"href":"https:\/\/acm-resorts.com\/fr\/wp-json\/wp\/v2\/pages"}],"about":[{"href":"https:\/\/acm-resorts.com\/fr\/wp-json\/wp\/v2\/types\/page"}],"author":[{"embeddable":true,"href":"https:\/\/acm-resorts.com\/fr\/wp-json\/wp\/v2\/users\/1"}],"replies":[{"embeddable":true,"href":"https:\/\/acm-resorts.com\/fr\/wp-json\/wp\/v2\/comments?post=612"}],"version-history":[{"count":9,"href":"https:\/\/acm-resorts.com\/fr\/wp-json\/wp\/v2\/pages\/612\/revisions"}],"predecessor-version":[{"id":998,"href":"https:\/\/acm-resorts.com\/fr\/wp-json\/wp\/v2\/pages\/612\/revisions\/998"}],"wp:attachment":[{"href":"https:\/\/acm-resorts.com\/fr\/wp-json\/wp\/v2\/media?parent=612"}],"curies":[{"name":"wp","href":"https:\/\/api.w.org\/{rel}","templated":true}]}}