{"id":588,"date":"2025-03-01T00:51:10","date_gmt":"2025-03-01T00:51:10","guid":{"rendered":"https:\/\/acm-resorts.com\/accueil\/"},"modified":"2025-05-03T11:27:21","modified_gmt":"2025-05-03T11:27:21","slug":"accueil","status":"publish","type":"page","link":"https:\/\/acm-resorts.com\/fr\/","title":{"rendered":"Accueil"},"content":{"rendered":"\n<div class=\"wp-block-group alignfull has-background-background-color has-background has-global-padding is-layout-constrained wp-block-group-is-layout-constrained\" style=\"margin-top:0;margin-bottom:0;padding-top:0;padding-bottom:0\">\n<div class=\"wp-block-cover alignfull has-custom-content-position is-position-bottom-center\" style=\"padding-top:var(--wp--preset--spacing--60);padding-right:var(--wp--preset--spacing--30);padding-bottom:var(--wp--preset--spacing--60);padding-left:var(--wp--preset--spacing--30);min-height:80vh;aspect-ratio:unset;\"><span aria-hidden=\"true\" class=\"wp-block-cover__background has-background-dim-0 has-background-dim\"><\/span><img loading=\"lazy\" decoding=\"async\" width=\"2160\" height=\"1215\" class=\"wp-block-cover__image-background wp-image-106\" alt=\"\" src=\"https:\/\/acm-resorts.com\/wp-content\/uploads\/2025\/03\/leonardo-1180750-154_Italy_puglia_Borgo_Egnazia_16BITS_kopiera_O-501500.jpg\" style=\"object-position:48% 57%\" data-object-fit=\"cover\" data-object-position=\"48% 57%\" srcset=\"https:\/\/acm-resorts.com\/wp-content\/uploads\/2025\/03\/leonardo-1180750-154_Italy_puglia_Borgo_Egnazia_16BITS_kopiera_O-501500.jpg 2160w, https:\/\/acm-resorts.com\/wp-content\/uploads\/2025\/03\/leonardo-1180750-154_Italy_puglia_Borgo_Egnazia_16BITS_kopiera_O-501500-300x169.jpg 300w, https:\/\/acm-resorts.com\/wp-content\/uploads\/2025\/03\/leonardo-1180750-154_Italy_puglia_Borgo_Egnazia_16BITS_kopiera_O-501500-1024x576.jpg 1024w, https:\/\/acm-resorts.com\/wp-content\/uploads\/2025\/03\/leonardo-1180750-154_Italy_puglia_Borgo_Egnazia_16BITS_kopiera_O-501500-768x432.jpg 768w, https:\/\/acm-resorts.com\/wp-content\/uploads\/2025\/03\/leonardo-1180750-154_Italy_puglia_Borgo_Egnazia_16BITS_kopiera_O-501500-1536x864.jpg 1536w, https:\/\/acm-resorts.com\/wp-content\/uploads\/2025\/03\/leonardo-1180750-154_Italy_puglia_Borgo_Egnazia_16BITS_kopiera_O-501500-2048x1152.jpg 2048w\" sizes=\"auto, (max-width: 2160px) 100vw, 2160px\" \/><div class=\"wp-block-cover__inner-container has-global-padding is-layout-constrained wp-container-core-cover-is-layout-941b2030 wp-block-cover-is-layout-constrained\">\n<p class=\"has-text-align-center has-large-font-size\"><\/p>\n<\/div><\/div>\n<\/div>\n\n<div class=\"wp-block-group alignfull has-tertiary-background-color has-background is-content-justification-center is-nowrap is-layout-flex wp-container-core-group-is-layout-64928417 wp-block-group-is-layout-flex\" id=\"services\" style=\"margin-top:0;margin-bottom:0;padding-top:var(--wp--preset--spacing--60);padding-right:var(--wp--preset--spacing--30);padding-bottom:var(--wp--preset--spacing--60);padding-left:var(--wp--preset--spacing--30)\">\n<div class=\"wp-block-group alignfull has-global-padding is-content-justification-center is-layout-constrained wp-container-core-group-is-layout-89616dca wp-block-group-is-layout-constrained\">\n<h2 class=\"wp-block-heading has-text-align-center\"><strong><strong><strong>ACM Health Resort<\/strong><\/strong><\/strong><\/h2>\n\n\n\n<p class=\"has-text-align-center has-medium-font-size\" style=\"margin-top:16px\">Nous, les humains, avons oubli\u00e9 d&rsquo;\u00e9couter notre voix int\u00e9rieure et le stress peut rapidement nous d\u00e9s\u00e9quilibrer. Si des mesures holistiques ne sont pas prises, il en r\u00e9sultera des crises cardiaques, des accidents vasculaires c\u00e9r\u00e9braux, des d\u00e9pressions et de l&rsquo;\u00e9puisement.<\/p>\n\n\n\n<p class=\"has-text-align-center has-medium-font-size\" style=\"margin-top:16px\">Pour notre th\u00e9rapie holistique, nous utilisons les \u00e9l\u00e9ments fondamentaux de l&rsquo;Ayurveda, de la m\u00e9decine traditionnelle chinoise (MTC) et de la m\u00e9decine tib\u00e9taine, en plus de la m\u00e9decine classique.<\/p>\n<\/div>\n<\/div>\n\n<p><\/p>\n","protected":false},"excerpt":{"rendered":"<p>ACM Health Resort Nous, les humains, avons oubli\u00e9 d&rsquo;\u00e9couter notre voix int\u00e9rieure et le stress peut rapidement nous d\u00e9s\u00e9quilibrer. Si des mesures holistiques ne sont pas prises, il en r\u00e9sultera des crises cardiaques, des accidents vasculaires c\u00e9r\u00e9braux, des d\u00e9pressions et de l&rsquo;\u00e9puisement. Pour notre th\u00e9rapie holistique, nous utilisons les \u00e9l\u00e9ments fondamentaux de l&rsquo;Ayurveda, de la [&hellip;]<\/p>\n","protected":false},"author":1,"featured_media":0,"parent":0,"menu_order":0,"comment_status":"closed","ping_status":"closed","template":"no-title","meta":{"footnotes":""},"class_list":["post-588","page","type-page","status-publish","hentry"],"aioseo_notices":[],"_links":{"self":[{"href":"https:\/\/acm-resorts.com\/fr\/wp-json\/wp\/v2\/pages\/588","targetHints":{"allow":["GET"]}}],"collection":[{"href":"https:\/\/acm-resorts.com\/fr\/wp-json\/wp\/v2\/pages"}],"about":[{"href":"https:\/\/acm-resorts.com\/fr\/wp-json\/wp\/v2\/types\/page"}],"author":[{"embeddable":true,"href":"https:\/\/acm-resorts.com\/fr\/wp-json\/wp\/v2\/users\/1"}],"replies":[{"embeddable":true,"href":"https:\/\/acm-resorts.com\/fr\/wp-json\/wp\/v2\/comments?post=588"}],"version-history":[{"count":1,"href":"https:\/\/acm-resorts.com\/fr\/wp-json\/wp\/v2\/pages\/588\/revisions"}],"predecessor-version":[{"id":595,"href":"https:\/\/acm-resorts.com\/fr\/wp-json\/wp\/v2\/pages\/588\/revisions\/595"}],"wp:attachment":[{"href":"https:\/\/acm-resorts.com\/fr\/wp-json\/wp\/v2\/media?parent=588"}],"curies":[{"name":"wp","href":"https:\/\/api.w.org\/{rel}","templated":true}]}}