{"id":574,"date":"2025-04-04T13:43:53","date_gmt":"2025-04-04T13:43:53","guid":{"rendered":"https:\/\/acm-resorts.com\/notre-histoire\/"},"modified":"2025-12-02T21:53:57","modified_gmt":"2025-12-02T21:53:57","slug":"notre-histoire","status":"publish","type":"page","link":"https:\/\/acm-resorts.com\/fr\/notre-histoire\/","title":{"rendered":"Notre histoire"},"content":{"rendered":"\n<div class=\"wp-block-group alignfull has-tertiary-background-color has-background has-global-padding is-layout-constrained wp-container-core-group-is-layout-7276a2bb wp-block-group-is-layout-constrained\" style=\"margin-top:0;margin-bottom:0;padding-top:var(--wp--preset--spacing--60);padding-right:var(--wp--preset--spacing--30);padding-bottom:var(--wp--preset--spacing--60);padding-left:var(--wp--preset--spacing--30)\">\n<div class=\"wp-block-columns alignfull are-vertically-aligned-top is-layout-flex wp-container-core-columns-is-layout-47c06fe3 wp-block-columns-is-layout-flex\">\n<div class=\"wp-block-column is-vertically-aligned-top is-layout-flow wp-block-column-is-layout-flow\" style=\"padding-right:var(--wp--preset--spacing--60);padding-left:var(--wp--preset--spacing--60);flex-basis:33.3%\">\n<h2 class=\"wp-block-heading has-large-font-size\">Notre histoire - C\u00e9l\u00e9bration du 100e anniversaire<\/h2>\n\n\n\n<p class=\"has-medium-font-size\" style=\"margin-top:16px\">1909 : Fondation de la soci\u00e9t\u00e9 Waldsch\u00fctz par Carl Waldsch\u00fctz. L&rsquo;entreprise avait pour objet le commerce de combustibles et de produits agricoles.\n1968 : Dans le cadre de la reprise \u00e9conomique, le march\u00e9 de l&rsquo;\u00e9nergie a \u00e9t\u00e9 d\u00e9velopp\u00e9 avec un haut niveau d&rsquo;expertise. Service complet par l&rsquo;entreprise \u00ab\u00a0Waldsch\u00fctz : Haus und Geb\u00e4udetechnik\u00a0\u00bb Livraison de mazout de chauffage<\/p>\n\n\n\n<p class=\"has-medium-font-size\" style=\"margin-top:16px\">1973 Mise en \u0153uvre coh\u00e9rente des possibilit\u00e9s d&rsquo;\u00e9conomie d&rsquo;\u00e9nergie et \u00e9laboration de solutions sp\u00e9cifiques pour les clients.<br\/>Installation de syst\u00e8mes de chauffage modernes au mazout et au gaz<br\/>Service et entretien<br\/>Livraison de combustible<br\/>2019 : La vaste exp\u00e9rience acquise par le pass\u00e9 constitue la base de conseils comp\u00e9tents, d&rsquo;installations et de services d&rsquo;assistance dans les domaines de l&rsquo;efficacit\u00e9 \u00e9nerg\u00e9tique et des \u00e9nergies renouvelables. En troisi\u00e8me g\u00e9n\u00e9ration, Andreas Waldsch\u00fctz, form\u00e9 aux technologies de l&rsquo;\u00e9nergie et \u00e0 la gestion d&rsquo;entreprise, a plac\u00e9 l&rsquo;entreprise sur la nouvelle voie de l'\u00a0\u00bbefficacit\u00e9 \u00e9nerg\u00e9tique\u00a0\u00bb et des \u00ab\u00a0\u00e9nergies renouvelables\u00a0\u00bb.<\/p>\n\n\n\n<p class=\"has-medium-font-size\" style=\"margin-top:16px\">Carl Waldsch\u00fctz a fond\u00e9 la soci\u00e9t\u00e9 il y a 100 ans en tant que banque. Peu apr\u00e8s, les activit\u00e9s ont \u00e9t\u00e9 \u00e9tendues au commerce des carburants. Lors de la crise \u00e9conomique mondiale de 1929, la banque priv\u00e9e n&rsquo;avait plus aucune chance sans couverture. De nombreux clients des banques pensaient avoir perdu leurs \u00e9conomies.<br\/>Mais Anna Waldsch\u00fctz, issue de la famille d&rsquo;un fabricant de cigares, a donn\u00e9 son patrimoine priv\u00e9 aux nombreux petits \u00e9pargnants par pure bont\u00e9 d&rsquo;\u00e2me.<\/p>\n\n\n\n<p class=\"has-medium-font-size\" style=\"margin-top:16px\">L&rsquo;actuel directeur de l&rsquo;entreprise, Andreas Waldsch\u00fctz, form\u00e9 aux technologies de l&rsquo;\u00e9nergie et \u00e0 la gestion d&rsquo;entreprise, met d\u00e9sormais l&rsquo;accent sur les avantages environnementaux en proposant un nouveau cours sur l&rsquo;efficacit\u00e9 \u00e9nerg\u00e9tique et les \u00e9nergies renouvelables. C&rsquo;est pourquoi les valeurs fondamentales de Waldsch\u00fctz sont l&rsquo;\u00e9thique, la responsabilit\u00e9, l&rsquo;utilisation efficace des ressources, la gestion intensive de l&rsquo;innovation et l&rsquo;action efficace et durable.<\/p>\n<\/div>\n\n\n\n<div class=\"wp-block-column is-vertically-aligned-top is-layout-flow wp-container-core-column-is-layout-f5bb311e wp-block-column-is-layout-flow\" style=\"flex-basis:50%\">\n<figure class=\"wp-block-gallery has-nested-images columns-default is-cropped wp-block-gallery-1 is-layout-flex wp-block-gallery-is-layout-flex\">\n<figure class=\"wp-block-image size-large\"><img loading=\"lazy\" decoding=\"async\" width=\"1024\" height=\"948\" data-id=\"1058\" src=\"https:\/\/acm-resorts.com\/wp-content\/uploads\/2025\/12\/Gemini_Generated_Image_cth99ecth99ecth9-1024x948.png\" alt=\"\" class=\"wp-image-1058\" srcset=\"https:\/\/acm-resorts.com\/wp-content\/uploads\/2025\/12\/Gemini_Generated_Image_cth99ecth99ecth9-1024x948.png 1024w, https:\/\/acm-resorts.com\/wp-content\/uploads\/2025\/12\/Gemini_Generated_Image_cth99ecth99ecth9-300x278.png 300w, https:\/\/acm-resorts.com\/wp-content\/uploads\/2025\/12\/Gemini_Generated_Image_cth99ecth99ecth9-768x711.png 768w, https:\/\/acm-resorts.com\/wp-content\/uploads\/2025\/12\/Gemini_Generated_Image_cth99ecth99ecth9-1536x1421.png 1536w, https:\/\/acm-resorts.com\/wp-content\/uploads\/2025\/12\/Gemini_Generated_Image_cth99ecth99ecth9-2048x1895.png 2048w\" sizes=\"auto, (max-width: 1024px) 100vw, 1024px\" \/><\/figure>\n<\/figure>\n\n\n\n<div class=\"wp-block-group is-content-justification-center is-nowrap is-layout-flex wp-container-core-group-is-layout-23441af8 wp-block-group-is-layout-flex\">\n<div class=\"wp-block-group is-vertical is-layout-flex wp-container-core-group-is-layout-fe9cc265 wp-block-group-is-layout-flex\">\n<figure class=\"wp-block-image size-large is-resized\"><img loading=\"lazy\" decoding=\"async\" width=\"1134\" height=\"1701\" src=\"https:\/\/acm-resorts.com\/wp-content\/uploads\/2025\/05\/WhatsApp-Image-2025-05-06-at-08.58.45-edited.jpeg\" alt=\"\" class=\"wp-image-1036\" style=\"width:366px;height:auto\" srcset=\"https:\/\/acm-resorts.com\/wp-content\/uploads\/2025\/05\/WhatsApp-Image-2025-05-06-at-08.58.45-edited.jpeg 1134w, https:\/\/acm-resorts.com\/wp-content\/uploads\/2025\/05\/WhatsApp-Image-2025-05-06-at-08.58.45-edited-200x300.jpeg 200w, https:\/\/acm-resorts.com\/wp-content\/uploads\/2025\/05\/WhatsApp-Image-2025-05-06-at-08.58.45-edited-683x1024.jpeg 683w, https:\/\/acm-resorts.com\/wp-content\/uploads\/2025\/05\/WhatsApp-Image-2025-05-06-at-08.58.45-edited-768x1152.jpeg 768w, https:\/\/acm-resorts.com\/wp-content\/uploads\/2025\/05\/WhatsApp-Image-2025-05-06-at-08.58.45-edited-1024x1536.jpeg 1024w\" sizes=\"auto, (max-width: 1134px) 100vw, 1134px\" \/><\/figure>\n<\/div>\n\n\n\n<div class=\"wp-block-group is-vertical is-content-justification-center is-layout-flex wp-container-core-group-is-layout-ce155fab wp-block-group-is-layout-flex\">\n<figure class=\"wp-block-image size-full is-resized\"><img loading=\"lazy\" decoding=\"async\" width=\"1000\" height=\"516\" src=\"https:\/\/acm-resorts.com\/wp-content\/uploads\/2025\/05\/waldschuetz-soziale-verantwortung-kinder.jpg\" alt=\"\" class=\"wp-image-912\" style=\"width:467px;height:auto\" srcset=\"https:\/\/acm-resorts.com\/wp-content\/uploads\/2025\/05\/waldschuetz-soziale-verantwortung-kinder.jpg 1000w, https:\/\/acm-resorts.com\/wp-content\/uploads\/2025\/05\/waldschuetz-soziale-verantwortung-kinder-300x155.jpg 300w, https:\/\/acm-resorts.com\/wp-content\/uploads\/2025\/05\/waldschuetz-soziale-verantwortung-kinder-768x396.jpg 768w\" sizes=\"auto, (max-width: 1000px) 100vw, 1000px\" \/><\/figure>\n\n\n\n<figure class=\"wp-block-image size-full is-resized\"><img loading=\"lazy\" decoding=\"async\" width=\"767\" height=\"511\" src=\"https:\/\/acm-resorts.com\/wp-content\/uploads\/2025\/05\/andreas-waldschuetz-flugzeug-crew.jpg\" alt=\"\" class=\"wp-image-905\" style=\"width:360px;height:auto\" srcset=\"https:\/\/acm-resorts.com\/wp-content\/uploads\/2025\/05\/andreas-waldschuetz-flugzeug-crew.jpg 767w, https:\/\/acm-resorts.com\/wp-content\/uploads\/2025\/05\/andreas-waldschuetz-flugzeug-crew-300x200.jpg 300w\" sizes=\"auto, (max-width: 767px) 100vw, 767px\" \/><\/figure>\n<\/div>\n<\/div>\n<\/div>\n<\/div>\n\n\n\n<p style=\"margin-top:16px\"><\/p>\n<\/div>\n\n<p><\/p>\n","protected":false},"excerpt":{"rendered":"<p>Notre histoire - C\u00e9l\u00e9bration du 100e anniversaire 1909 : Fondation de la soci\u00e9t\u00e9 Waldsch\u00fctz par Carl Waldsch\u00fctz. L&rsquo;entreprise avait pour objet le commerce de combustibles et de produits agricoles. 1968 : Dans le cadre de la reprise \u00e9conomique, le march\u00e9 de l&rsquo;\u00e9nergie a \u00e9t\u00e9 d\u00e9velopp\u00e9 avec un haut niveau d&rsquo;expertise. Service complet par l&rsquo;entreprise \u00ab\u00a0Waldsch\u00fctz [&hellip;]<\/p>\n","protected":false},"author":1,"featured_media":0,"parent":0,"menu_order":0,"comment_status":"closed","ping_status":"closed","template":"no-title","meta":{"footnotes":""},"class_list":["post-574","page","type-page","status-publish","hentry"],"aioseo_notices":[],"_links":{"self":[{"href":"https:\/\/acm-resorts.com\/fr\/wp-json\/wp\/v2\/pages\/574","targetHints":{"allow":["GET"]}}],"collection":[{"href":"https:\/\/acm-resorts.com\/fr\/wp-json\/wp\/v2\/pages"}],"about":[{"href":"https:\/\/acm-resorts.com\/fr\/wp-json\/wp\/v2\/types\/page"}],"author":[{"embeddable":true,"href":"https:\/\/acm-resorts.com\/fr\/wp-json\/wp\/v2\/users\/1"}],"replies":[{"embeddable":true,"href":"https:\/\/acm-resorts.com\/fr\/wp-json\/wp\/v2\/comments?post=574"}],"version-history":[{"count":4,"href":"https:\/\/acm-resorts.com\/fr\/wp-json\/wp\/v2\/pages\/574\/revisions"}],"predecessor-version":[{"id":1067,"href":"https:\/\/acm-resorts.com\/fr\/wp-json\/wp\/v2\/pages\/574\/revisions\/1067"}],"wp:attachment":[{"href":"https:\/\/acm-resorts.com\/fr\/wp-json\/wp\/v2\/media?parent=574"}],"curies":[{"name":"wp","href":"https:\/\/api.w.org\/{rel}","templated":true}]}}