{"id":701,"date":"2025-04-04T13:43:53","date_gmt":"2025-04-04T13:43:53","guid":{"rendered":"https:\/\/acm-resorts.com\/nuestra-historia\/"},"modified":"2025-12-02T21:53:57","modified_gmt":"2025-12-02T21:53:57","slug":"nuestra-historia","status":"publish","type":"page","link":"https:\/\/acm-resorts.com\/es\/nuestra-historia\/","title":{"rendered":"Nuestra historia"},"content":{"rendered":"\n<div class=\"wp-block-group alignfull has-tertiary-background-color has-background has-global-padding is-layout-constrained wp-container-core-group-is-layout-7276a2bb wp-block-group-is-layout-constrained\" style=\"margin-top:0;margin-bottom:0;padding-top:var(--wp--preset--spacing--60);padding-right:var(--wp--preset--spacing--30);padding-bottom:var(--wp--preset--spacing--60);padding-left:var(--wp--preset--spacing--30)\">\n<div class=\"wp-block-columns alignfull are-vertically-aligned-top is-layout-flex wp-container-core-columns-is-layout-47c06fe3 wp-block-columns-is-layout-flex\">\n<div class=\"wp-block-column is-vertically-aligned-top is-layout-flow wp-block-column-is-layout-flow\" style=\"padding-right:var(--wp--preset--spacing--60);padding-left:var(--wp--preset--spacing--60);flex-basis:33.3%\">\n<h2 class=\"wp-block-heading has-large-font-size\">Nuestra historia - Celebraci\u00f3n del centenario<\/h2>\n\n\n\n<p class=\"has-medium-font-size\" style=\"margin-top:16px\">1909: Fundaci\u00f3n de la empresa Waldsch\u00fctz por Carl Waldsch\u00fctz. El objeto de la empresa era el comercio de combustibles y productos agr\u00edcolas.\n1968: En el curso de la bonanza econ\u00f3mica, el mercado de la energ\u00eda sigui\u00f3 desarroll\u00e1ndose con un alto nivel de especializaci\u00f3n. Servicio completo de la empresa \u00abWaldsch\u00fctz: Haus und Geb\u00e4udetechnik\u00bb Suministro de gas\u00f3leo de calefacci\u00f3n<\/p>\n\n\n\n<p class=\"has-medium-font-size\" style=\"margin-top:16px\">1973 Aplicaci\u00f3n consecuente de las opciones de ahorro energ\u00e9tico y desarrollo de soluciones espec\u00edficas para el cliente.<br\/>Instalaci\u00f3n de modernos sistemas de calefacci\u00f3n de gas y gas\u00f3leo<br\/>Servicio y mantenimiento<br\/>Suministro de combustible<br\/>2019: La amplia experiencia acumulada en el pasado es la base de los servicios de asesoramiento experto, instalaci\u00f3n y asistencia en los \u00e1mbitos de la eficiencia energ\u00e9tica y las energ\u00edas renovables. En la tercera generaci\u00f3n, Andreas Waldsch\u00fctz, formado en tecnolog\u00eda energ\u00e9tica y administraci\u00f3n de empresas, ha puesto a la empresa en el nuevo rumbo de la \u00abeficiencia energ\u00e9tica\u00bb y las \u00abenerg\u00edas renovables\u00bb.<\/p>\n\n\n\n<p class=\"has-medium-font-size\" style=\"margin-top:16px\">Carl Waldsch\u00fctz fund\u00f3 la empresa hace 100 a\u00f1os como banco. Poco despu\u00e9s, las actividades se ampliaron para incluir el comercio de combustibles. Durante la crisis econ\u00f3mica mundial de 1929, la banca privada ya no ten\u00eda ninguna posibilidad sin cobertura. Muchos clientes del banco pensaron que hab\u00edan perdido sus ahorros.<br\/>Pero Anna Waldsch\u00fctz, que proced\u00eda de la familia de un fabricante de puros, entreg\u00f3 su patrimonio privado a los numerosos peque\u00f1os ahorradores por pura buena voluntad.<\/p>\n\n\n\n<p class=\"has-medium-font-size\" style=\"margin-top:16px\">El actual director de la empresa, Andreas Waldsch\u00fctz, formado en tecnolog\u00eda energ\u00e9tica y administraci\u00f3n de empresas, se centra ahora sistem\u00e1ticamente en los beneficios medioambientales con un nuevo curso de eficiencia energ\u00e9tica y energ\u00edas renovables. Por eso, los valores fundamentales de Waldsch\u00fctz son la \u00e9tica, la responsabilidad, la eficiencia de los recursos, la gesti\u00f3n intensiva de la innovaci\u00f3n y la acci\u00f3n eficaz y sostenible.<\/p>\n<\/div>\n\n\n\n<div class=\"wp-block-column is-vertically-aligned-top is-layout-flow wp-container-core-column-is-layout-f5bb311e wp-block-column-is-layout-flow\" style=\"flex-basis:50%\">\n<figure class=\"wp-block-gallery has-nested-images columns-default is-cropped wp-block-gallery-1 is-layout-flex wp-block-gallery-is-layout-flex\">\n<figure class=\"wp-block-image size-large\"><img loading=\"lazy\" decoding=\"async\" width=\"1024\" height=\"948\" data-id=\"1058\" src=\"https:\/\/acm-resorts.com\/wp-content\/uploads\/2025\/12\/Gemini_Generated_Image_cth99ecth99ecth9-1024x948.png\" alt=\"\" class=\"wp-image-1058\" srcset=\"https:\/\/acm-resorts.com\/wp-content\/uploads\/2025\/12\/Gemini_Generated_Image_cth99ecth99ecth9-1024x948.png 1024w, https:\/\/acm-resorts.com\/wp-content\/uploads\/2025\/12\/Gemini_Generated_Image_cth99ecth99ecth9-300x278.png 300w, https:\/\/acm-resorts.com\/wp-content\/uploads\/2025\/12\/Gemini_Generated_Image_cth99ecth99ecth9-768x711.png 768w, https:\/\/acm-resorts.com\/wp-content\/uploads\/2025\/12\/Gemini_Generated_Image_cth99ecth99ecth9-1536x1421.png 1536w, https:\/\/acm-resorts.com\/wp-content\/uploads\/2025\/12\/Gemini_Generated_Image_cth99ecth99ecth9-2048x1895.png 2048w\" sizes=\"auto, (max-width: 1024px) 100vw, 1024px\" \/><\/figure>\n<\/figure>\n\n\n\n<div class=\"wp-block-group is-content-justification-center is-nowrap is-layout-flex wp-container-core-group-is-layout-23441af8 wp-block-group-is-layout-flex\">\n<div class=\"wp-block-group is-vertical is-layout-flex wp-container-core-group-is-layout-fe9cc265 wp-block-group-is-layout-flex\">\n<figure class=\"wp-block-image size-large is-resized\"><img loading=\"lazy\" decoding=\"async\" width=\"1134\" height=\"1701\" src=\"https:\/\/acm-resorts.com\/wp-content\/uploads\/2025\/05\/WhatsApp-Image-2025-05-06-at-08.58.45-edited.jpeg\" alt=\"\" class=\"wp-image-1036\" style=\"width:366px;height:auto\" srcset=\"https:\/\/acm-resorts.com\/wp-content\/uploads\/2025\/05\/WhatsApp-Image-2025-05-06-at-08.58.45-edited.jpeg 1134w, https:\/\/acm-resorts.com\/wp-content\/uploads\/2025\/05\/WhatsApp-Image-2025-05-06-at-08.58.45-edited-200x300.jpeg 200w, https:\/\/acm-resorts.com\/wp-content\/uploads\/2025\/05\/WhatsApp-Image-2025-05-06-at-08.58.45-edited-683x1024.jpeg 683w, https:\/\/acm-resorts.com\/wp-content\/uploads\/2025\/05\/WhatsApp-Image-2025-05-06-at-08.58.45-edited-768x1152.jpeg 768w, https:\/\/acm-resorts.com\/wp-content\/uploads\/2025\/05\/WhatsApp-Image-2025-05-06-at-08.58.45-edited-1024x1536.jpeg 1024w\" sizes=\"auto, (max-width: 1134px) 100vw, 1134px\" \/><\/figure>\n<\/div>\n\n\n\n<div class=\"wp-block-group is-vertical is-content-justification-center is-layout-flex wp-container-core-group-is-layout-ce155fab wp-block-group-is-layout-flex\">\n<figure class=\"wp-block-image size-full is-resized\"><img loading=\"lazy\" decoding=\"async\" width=\"1000\" height=\"516\" src=\"https:\/\/acm-resorts.com\/wp-content\/uploads\/2025\/05\/waldschuetz-soziale-verantwortung-kinder.jpg\" alt=\"\" class=\"wp-image-912\" style=\"width:467px;height:auto\" srcset=\"https:\/\/acm-resorts.com\/wp-content\/uploads\/2025\/05\/waldschuetz-soziale-verantwortung-kinder.jpg 1000w, https:\/\/acm-resorts.com\/wp-content\/uploads\/2025\/05\/waldschuetz-soziale-verantwortung-kinder-300x155.jpg 300w, https:\/\/acm-resorts.com\/wp-content\/uploads\/2025\/05\/waldschuetz-soziale-verantwortung-kinder-768x396.jpg 768w\" sizes=\"auto, (max-width: 1000px) 100vw, 1000px\" \/><\/figure>\n\n\n\n<figure class=\"wp-block-image size-full is-resized\"><img loading=\"lazy\" decoding=\"async\" width=\"767\" height=\"511\" src=\"https:\/\/acm-resorts.com\/wp-content\/uploads\/2025\/05\/andreas-waldschuetz-flugzeug-crew.jpg\" alt=\"\" class=\"wp-image-905\" style=\"width:360px;height:auto\" srcset=\"https:\/\/acm-resorts.com\/wp-content\/uploads\/2025\/05\/andreas-waldschuetz-flugzeug-crew.jpg 767w, https:\/\/acm-resorts.com\/wp-content\/uploads\/2025\/05\/andreas-waldschuetz-flugzeug-crew-300x200.jpg 300w\" sizes=\"auto, (max-width: 767px) 100vw, 767px\" \/><\/figure>\n<\/div>\n<\/div>\n<\/div>\n<\/div>\n\n\n\n<p style=\"margin-top:16px\"><\/p>\n<\/div>\n\n<p><\/p>\n","protected":false},"excerpt":{"rendered":"<p>Nuestra historia - Celebraci\u00f3n del centenario 1909: Fundaci\u00f3n de la empresa Waldsch\u00fctz por Carl Waldsch\u00fctz. El objeto de la empresa era el comercio de combustibles y productos agr\u00edcolas. 1968: En el curso de la bonanza econ\u00f3mica, el mercado de la energ\u00eda sigui\u00f3 desarroll\u00e1ndose con un alto nivel de especializaci\u00f3n. Servicio completo de la empresa \u00abWaldsch\u00fctz: [&hellip;]<\/p>\n","protected":false},"author":1,"featured_media":0,"parent":0,"menu_order":0,"comment_status":"closed","ping_status":"closed","template":"no-title","meta":{"footnotes":""},"class_list":["post-701","page","type-page","status-publish","hentry"],"aioseo_notices":[],"_links":{"self":[{"href":"https:\/\/acm-resorts.com\/es\/wp-json\/wp\/v2\/pages\/701","targetHints":{"allow":["GET"]}}],"collection":[{"href":"https:\/\/acm-resorts.com\/es\/wp-json\/wp\/v2\/pages"}],"about":[{"href":"https:\/\/acm-resorts.com\/es\/wp-json\/wp\/v2\/types\/page"}],"author":[{"embeddable":true,"href":"https:\/\/acm-resorts.com\/es\/wp-json\/wp\/v2\/users\/1"}],"replies":[{"embeddable":true,"href":"https:\/\/acm-resorts.com\/es\/wp-json\/wp\/v2\/comments?post=701"}],"version-history":[{"count":4,"href":"https:\/\/acm-resorts.com\/es\/wp-json\/wp\/v2\/pages\/701\/revisions"}],"predecessor-version":[{"id":1072,"href":"https:\/\/acm-resorts.com\/es\/wp-json\/wp\/v2\/pages\/701\/revisions\/1072"}],"wp:attachment":[{"href":"https:\/\/acm-resorts.com\/es\/wp-json\/wp\/v2\/media?parent=701"}],"curies":[{"name":"wp","href":"https:\/\/api.w.org\/{rel}","templated":true}]}}