{"id":693,"date":"2025-03-01T00:51:09","date_gmt":"2025-03-01T00:51:09","guid":{"rendered":"https:\/\/acm-resorts.com\/nuestra-vision\/"},"modified":"2025-05-03T11:31:35","modified_gmt":"2025-05-03T11:31:35","slug":"nuestra-vision","status":"publish","type":"page","link":"https:\/\/acm-resorts.com\/es\/nuestra-vision\/","title":{"rendered":"Nuestra visi\u00f3n"},"content":{"rendered":"\n<div class=\"wp-block-group alignfull has-tertiary-background-color has-background has-global-padding is-layout-constrained wp-container-core-group-is-layout-2fd3be65 wp-block-group-is-layout-constrained\" id=\"about\" style=\"margin-top:0;margin-bottom:0;padding-top:var(--wp--preset--spacing--50);padding-right:0;padding-bottom:var(--wp--preset--spacing--50);padding-left:0\">\n<div class=\"wp-block-columns alignfull is-layout-flex wp-container-core-columns-is-layout-47c06fe3 wp-block-columns-is-layout-flex\">\n<div class=\"wp-block-column is-vertically-aligned-center is-layout-flow wp-container-core-column-is-layout-a5a03dca wp-block-column-is-layout-flow\" style=\"padding-right:var(--wp--preset--spacing--60);padding-left:9vw;flex-basis:27%\">\n<h2 class=\"wp-block-heading has-text-align-left\">Nuestra visi\u00f3n<\/h2>\n\n\n\n<p class=\"has-text-align-left has-medium-font-size\" style=\"margin-top:16px\">Nos centramos en la medicina hol\u00edstica como medida preventiva para nuestros hu\u00e9spedes.<\/p>\n\n\n\n<p class=\"has-text-align-left has-medium-font-size\" style=\"margin-top:16px\">ACM significa que nuestros hu\u00e9spedes experimentan con todos los sentidos nuestro complejo y la maravillosa naturaleza que lo rodea: Arte - Cultura - Medicina<\/p>\n\n\n\n<p class=\"has-text-align-left has-medium-font-size\" style=\"margin-top:16px\">Investigamos para encontrar los mejores lugares en las monta\u00f1as o en el mar donde se produzca la curaci\u00f3n de nuestros hu\u00e9spedes.<\/p>\n\n\n\n<p class=\"has-text-align-left has-medium-font-size\" style=\"margin-top:16px\">En los pa\u00edses industrializados occidentales, la gente se desequilibra debido al estr\u00e9s diario.<\/p>\n\n\n\n<p class=\"has-text-align-left has-medium-font-size\" style=\"margin-top:16px\">Este fen\u00f3meno comienza a la edad de entre 40 y 45 a\u00f1os.<\/p>\n\n\n\n<p class=\"has-text-align-left has-medium-font-size\" style=\"margin-top:16px\">Si alguien se queda 10 d\u00edas en un centro de bienestar se siente bien.<\/p>\n\n\n\n<p class=\"has-text-align-left has-medium-font-size\" style=\"margin-top:16px\">Pero de vuelta a casa, a la vida cotidiana, el efecto positivo desaparece pronto.<\/p>\n\n\n\n<p class=\"has-text-align-left has-medium-font-size\" style=\"margin-top:16px\">\u00bfPor qu\u00e9?<\/p>\n\n\n\n<p class=\"has-text-align-left has-medium-font-size\" style=\"margin-top:16px\">Como no es capaz de cambiar sus h\u00e1bitos, est\u00e1 acostumbrado durante mucho tiempo.<\/p>\n\n\n\n<p class=\"has-text-align-left has-medium-font-size\" style=\"margin-top:16px\">Por eso hemos desarrollado nuestro programa \u00abCoaching M\u00e9dico\u00bb.<\/p>\n\n\n\n<p class=\"has-text-align-left has-medium-font-size\" style=\"margin-top:16px\">Se integran todos los datos m\u00e9dicos y psicol\u00f3gicos esenciales y los resultados de los an\u00e1lisis y tratamientos m\u00e9dicos.<\/p>\n\n\n\n<p class=\"has-text-align-left has-medium-font-size\" style=\"margin-top:16px\">Ofrecemos despu\u00e9s de la estancia a nosotros cada dos semanas una videoconferencia para ir paso a paso la manera correcta de tener \u00e9xito en la propia vida individual.<\/p>\n<\/div>\n\n\n\n<div class=\"wp-block-column is-vertically-aligned-top is-layout-flow wp-block-column-is-layout-flow\" style=\"flex-basis:50%\">\n<figure class=\"wp-block-image aligncenter size-full is-resized\"><img loading=\"lazy\" decoding=\"async\" width=\"730\" height=\"566\" src=\"https:\/\/acm-resorts.com\/wp-content\/uploads\/2025\/03\/13-copy.jpg\" alt=\"\" class=\"wp-image-67\" style=\"width:937px;height:auto\" srcset=\"https:\/\/acm-resorts.com\/wp-content\/uploads\/2025\/03\/13-copy.jpg 730w, https:\/\/acm-resorts.com\/wp-content\/uploads\/2025\/03\/13-copy-300x233.jpg 300w\" sizes=\"auto, (max-width: 730px) 100vw, 730px\" \/><\/figure>\n<\/div>\n<\/div>\n<\/div>\n\n<p><\/p>\n","protected":false},"excerpt":{"rendered":"<p>Nuestra visi\u00f3n Nos centramos en la medicina hol\u00edstica como medida preventiva para nuestros hu\u00e9spedes. ACM significa que nuestros hu\u00e9spedes experimentan con todos los sentidos nuestro complejo y la maravillosa naturaleza que lo rodea: Arte - Cultura - Medicina Investigamos para encontrar los mejores lugares en las monta\u00f1as o en el mar donde se produzca la [&hellip;]<\/p>\n","protected":false},"author":1,"featured_media":0,"parent":0,"menu_order":0,"comment_status":"closed","ping_status":"closed","template":"no-title","meta":{"footnotes":""},"class_list":["post-693","page","type-page","status-publish","hentry"],"aioseo_notices":[],"_links":{"self":[{"href":"https:\/\/acm-resorts.com\/es\/wp-json\/wp\/v2\/pages\/693","targetHints":{"allow":["GET"]}}],"collection":[{"href":"https:\/\/acm-resorts.com\/es\/wp-json\/wp\/v2\/pages"}],"about":[{"href":"https:\/\/acm-resorts.com\/es\/wp-json\/wp\/v2\/types\/page"}],"author":[{"embeddable":true,"href":"https:\/\/acm-resorts.com\/es\/wp-json\/wp\/v2\/users\/1"}],"replies":[{"embeddable":true,"href":"https:\/\/acm-resorts.com\/es\/wp-json\/wp\/v2\/comments?post=693"}],"version-history":[{"count":3,"href":"https:\/\/acm-resorts.com\/es\/wp-json\/wp\/v2\/pages\/693\/revisions"}],"predecessor-version":[{"id":944,"href":"https:\/\/acm-resorts.com\/es\/wp-json\/wp\/v2\/pages\/693\/revisions\/944"}],"wp:attachment":[{"href":"https:\/\/acm-resorts.com\/es\/wp-json\/wp\/v2\/media?parent=693"}],"curies":[{"name":"wp","href":"https:\/\/api.w.org\/{rel}","templated":true}]}}