{"id":680,"date":"2025-03-01T00:51:09","date_gmt":"2025-03-01T00:51:09","guid":{"rendered":"https:\/\/acm-resorts.com\/ceo-y-fundador-de-los-resorts-acm\/"},"modified":"2025-05-03T11:49:22","modified_gmt":"2025-05-03T11:49:22","slug":"ceo-y-fundador-de-los-resorts-acm","status":"publish","type":"page","link":"https:\/\/acm-resorts.com\/es\/ceo-y-fundador-de-los-resorts-acm\/","title":{"rendered":"CEO y fundador de los Resorts ACM"},"content":{"rendered":"\n<div class=\"wp-block-group alignfull has-tertiary-background-color has-background is-nowrap is-layout-flex wp-container-core-group-is-layout-dc8bf109 wp-block-group-is-layout-flex\" id=\"about\" style=\"margin-top:0;margin-bottom:0;padding-top:var(--wp--preset--spacing--60);padding-right:var(--wp--preset--spacing--30);padding-bottom:var(--wp--preset--spacing--60);padding-left:var(--wp--preset--spacing--30)\">\n<div class=\"wp-block-columns alignfull has-medium-font-size is-layout-flex wp-container-core-columns-is-layout-cf2eabc1 wp-block-columns-is-layout-flex\" style=\"margin-top:0;margin-bottom:0;padding-right:0;padding-left:0\">\n<div class=\"wp-block-column is-vertically-aligned-top is-layout-flow wp-container-core-column-is-layout-27b7a239 wp-block-column-is-layout-flow\" style=\"padding-right:0;padding-left:0em;flex-basis:50%\">\n<h2 class=\"wp-block-heading has-text-align-left\"><strong>CEO y fundador de los Resorts ACM<\/strong><\/h2>\n\n\n\n<p class=\"has-text-align-left has-medium-font-size\" style=\"margin-top:16px\">Andreas, MBA y Master en Ciencias, ha dirigido una mediana empresa familiar con 120 empleados en Alemania.<\/p>\n\n\n\n<p class=\"has-medium-font-size\" style=\"margin-top:16px\">A finales de los noventa decidi\u00f3 vender la empresa para tener tiempo para un nuevo reto.<\/p>\n\n\n\n<p class=\"has-medium-font-size\" style=\"margin-top:16px;margin-right:0\">En los a\u00f1os siguientes viaj\u00f3 a Asia y Norteam\u00e9rica para realizar consultor\u00edas energ\u00e9ticas.<\/p>\n\n\n\n<p class=\"has-medium-font-size\" style=\"margin-top:16px\">En aquella \u00e9poca era consciente de la energ\u00eda de la naturaleza y del mensaje para la humanidad.<\/p>\n\n\n\n<p class=\"has-medium-font-size\" style=\"margin-top:16px\">Con estos conocimientos comenz\u00f3 en 2017 a desarrollar el Concepto ACM.<\/p>\n\n\n\n<p class=\"has-medium-font-size\" style=\"margin-top:16px\">Practic\u00f3 el di\u00e1logo con destacados expertos de distintas disciplinas m\u00e9dicas.<\/p>\n\n\n\n<p class=\"has-text-align-left has-medium-font-size\" style=\"margin-top:16px\">El resultado es el concepto m\u00e9dico hol\u00edstico ACM.<\/p>\n<\/div>\n\n\n\n<div class=\"wp-block-column is-vertically-aligned-center is-layout-flow wp-block-column-is-layout-flow\" style=\"flex-basis:50%\">\n<figure class=\"wp-block-image aligncenter size-large\"><img loading=\"lazy\" decoding=\"async\" width=\"1024\" height=\"682\" src=\"https:\/\/acm-resorts.com\/wp-content\/uploads\/2025\/03\/DSC_2305-e1742229592423-1024x682.jpg\" alt=\"\" class=\"wp-image-137\" srcset=\"https:\/\/acm-resorts.com\/wp-content\/uploads\/2025\/03\/DSC_2305-e1742229592423-1024x682.jpg 1024w, https:\/\/acm-resorts.com\/wp-content\/uploads\/2025\/03\/DSC_2305-e1742229592423-300x200.jpg 300w, https:\/\/acm-resorts.com\/wp-content\/uploads\/2025\/03\/DSC_2305-e1742229592423-768x512.jpg 768w, https:\/\/acm-resorts.com\/wp-content\/uploads\/2025\/03\/DSC_2305-e1742229592423-1536x1023.jpg 1536w, https:\/\/acm-resorts.com\/wp-content\/uploads\/2025\/03\/DSC_2305-e1742229592423.jpg 1546w\" sizes=\"auto, (max-width: 1024px) 100vw, 1024px\" \/><\/figure>\n<\/div>\n<\/div>\n<\/div>\n\n<p><\/p>\n","protected":false},"excerpt":{"rendered":"<p>CEO y fundador de los Resorts ACM Andreas, MBA y Master en Ciencias, ha dirigido una mediana empresa familiar con 120 empleados en Alemania. A finales de los noventa decidi\u00f3 vender la empresa para tener tiempo para un nuevo reto. En los a\u00f1os siguientes viaj\u00f3 a Asia y Norteam\u00e9rica para realizar consultor\u00edas energ\u00e9ticas. En aquella [&hellip;]<\/p>\n","protected":false},"author":1,"featured_media":0,"parent":0,"menu_order":0,"comment_status":"closed","ping_status":"closed","template":"no-title","meta":{"footnotes":""},"class_list":["post-680","page","type-page","status-publish","hentry"],"aioseo_notices":[],"_links":{"self":[{"href":"https:\/\/acm-resorts.com\/es\/wp-json\/wp\/v2\/pages\/680","targetHints":{"allow":["GET"]}}],"collection":[{"href":"https:\/\/acm-resorts.com\/es\/wp-json\/wp\/v2\/pages"}],"about":[{"href":"https:\/\/acm-resorts.com\/es\/wp-json\/wp\/v2\/types\/page"}],"author":[{"embeddable":true,"href":"https:\/\/acm-resorts.com\/es\/wp-json\/wp\/v2\/users\/1"}],"replies":[{"embeddable":true,"href":"https:\/\/acm-resorts.com\/es\/wp-json\/wp\/v2\/comments?post=680"}],"version-history":[{"count":3,"href":"https:\/\/acm-resorts.com\/es\/wp-json\/wp\/v2\/pages\/680\/revisions"}],"predecessor-version":[{"id":1018,"href":"https:\/\/acm-resorts.com\/es\/wp-json\/wp\/v2\/pages\/680\/revisions\/1018"}],"wp:attachment":[{"href":"https:\/\/acm-resorts.com\/es\/wp-json\/wp\/v2\/media?parent=680"}],"curies":[{"name":"wp","href":"https:\/\/api.w.org\/{rel}","templated":true}]}}