{"id":679,"date":"2025-03-01T00:51:10","date_gmt":"2025-03-01T00:51:10","guid":{"rendered":"https:\/\/acm-resorts.com\/por-que-ir-a-un-complejo-acm\/"},"modified":"2025-12-02T21:56:48","modified_gmt":"2025-12-02T21:56:48","slug":"por-que-ir-a-un-complejo-acm","status":"publish","type":"page","link":"https:\/\/acm-resorts.com\/es\/por-que-ir-a-un-complejo-acm\/","title":{"rendered":"\u00bfPor qu\u00e9 ir a un complejo ACM?"},"content":{"rendered":"\n<div class=\"wp-block-group alignfull has-tertiary-background-color has-background is-horizontal is-content-justification-left is-nowrap is-layout-flex wp-container-core-group-is-layout-88a5a7db wp-block-group-is-layout-flex\" id=\"testimonials\" style=\"margin-top:0;margin-bottom:0;padding-top:var(--wp--preset--spacing--60);padding-right:var(--wp--preset--spacing--80);padding-bottom:var(--wp--preset--spacing--60);padding-left:var(--wp--preset--spacing--80)\">\n<div class=\"wp-block-group alignfull has-global-padding is-layout-constrained wp-container-core-group-is-layout-78f27ab7 wp-block-group-is-layout-constrained\" style=\"margin-top:0;margin-bottom:0;padding-right:0;padding-left:0\">\n<h2 class=\"wp-block-heading alignwide has-text-align-left\"><strong>\u00bfPor qu\u00e9 ir a<\/strong> <strong>un complejo ACM?<\/strong><\/h2>\n\n\n\n<p class=\"has-text-align-left has-medium-font-size\" style=\"margin-top:16px\">Si alguien va por primera vez a nuestro complejo de monta\u00f1a, la pr\u00f3xima vez puede elegir un complejo ACM en el mar. Los tratamientos m\u00e9dicos que empez\u00f3 puede continuarlos all\u00ed.<\/p>\n\n\n\n<p class=\"has-text-align-left has-medium-font-size\" style=\"margin-top:16px\">Tenemos los mismos altos est\u00e1ndares m\u00e9dicos en todos los complejos ACM.<\/p>\n<\/div>\n\n\n\n<div class=\"wp-block-group has-global-padding is-layout-constrained wp-block-group-is-layout-constrained\">\n<figure class=\"wp-block-image size-large\"><img loading=\"lazy\" decoding=\"async\" width=\"796\" height=\"1024\" src=\"https:\/\/acm-resorts.com\/wp-content\/uploads\/2025\/04\/Jogi_conversation_ret_himmel-796x1024.jpg\" alt=\"\" class=\"wp-image-266\" srcset=\"https:\/\/acm-resorts.com\/wp-content\/uploads\/2025\/04\/Jogi_conversation_ret_himmel-796x1024.jpg 796w, https:\/\/acm-resorts.com\/wp-content\/uploads\/2025\/04\/Jogi_conversation_ret_himmel-233x300.jpg 233w, https:\/\/acm-resorts.com\/wp-content\/uploads\/2025\/04\/Jogi_conversation_ret_himmel-768x987.jpg 768w, https:\/\/acm-resorts.com\/wp-content\/uploads\/2025\/04\/Jogi_conversation_ret_himmel-1195x1536.jpg 1195w, https:\/\/acm-resorts.com\/wp-content\/uploads\/2025\/04\/Jogi_conversation_ret_himmel-1593x2048.jpg 1593w, https:\/\/acm-resorts.com\/wp-content\/uploads\/2025\/04\/Jogi_conversation_ret_himmel.jpg 1792w\" sizes=\"auto, (max-width: 796px) 100vw, 796px\" \/><\/figure>\n<\/div>\n<\/div>\n\n<p><\/p>\n","protected":false},"excerpt":{"rendered":"<p>\u00bfPor qu\u00e9 ir a un complejo ACM? Si alguien va por primera vez a nuestro complejo de monta\u00f1a, la pr\u00f3xima vez puede elegir un complejo ACM en el mar. Los tratamientos m\u00e9dicos que empez\u00f3 puede continuarlos all\u00ed. Tenemos los mismos altos est\u00e1ndares m\u00e9dicos en todos los complejos ACM.<\/p>\n","protected":false},"author":1,"featured_media":0,"parent":0,"menu_order":0,"comment_status":"closed","ping_status":"closed","template":"no-title","meta":{"footnotes":""},"class_list":["post-679","page","type-page","status-publish","hentry"],"aioseo_notices":[],"_links":{"self":[{"href":"https:\/\/acm-resorts.com\/es\/wp-json\/wp\/v2\/pages\/679","targetHints":{"allow":["GET"]}}],"collection":[{"href":"https:\/\/acm-resorts.com\/es\/wp-json\/wp\/v2\/pages"}],"about":[{"href":"https:\/\/acm-resorts.com\/es\/wp-json\/wp\/v2\/types\/page"}],"author":[{"embeddable":true,"href":"https:\/\/acm-resorts.com\/es\/wp-json\/wp\/v2\/users\/1"}],"replies":[{"embeddable":true,"href":"https:\/\/acm-resorts.com\/es\/wp-json\/wp\/v2\/comments?post=679"}],"version-history":[{"count":4,"href":"https:\/\/acm-resorts.com\/es\/wp-json\/wp\/v2\/pages\/679\/revisions"}],"predecessor-version":[{"id":1079,"href":"https:\/\/acm-resorts.com\/es\/wp-json\/wp\/v2\/pages\/679\/revisions\/1079"}],"wp:attachment":[{"href":"https:\/\/acm-resorts.com\/es\/wp-json\/wp\/v2\/media?parent=679"}],"curies":[{"name":"wp","href":"https:\/\/api.w.org\/{rel}","templated":true}]}}