{"id":675,"date":"2025-03-11T10:03:25","date_gmt":"2025-03-11T10:03:25","guid":{"rendered":"https:\/\/acm-resorts.com\/los-tratamientos-de-bienestar-medico-ofrecen\/"},"modified":"2025-05-03T09:26:03","modified_gmt":"2025-05-03T09:26:03","slug":"los-tratamientos-de-bienestar-medico-ofrecen","status":"publish","type":"page","link":"https:\/\/acm-resorts.com\/es\/los-tratamientos-de-bienestar-medico-ofrecen\/","title":{"rendered":"Los tratamientos de Bienestar M\u00e9dico ofrecen"},"content":{"rendered":"\n<div class=\"wp-block-group alignfull has-background-background-color has-background has-global-padding is-layout-constrained wp-container-core-group-is-layout-7276a2bb wp-block-group-is-layout-constrained\" style=\"margin-top:0;margin-bottom:0;padding-top:var(--wp--preset--spacing--60);padding-right:var(--wp--preset--spacing--30);padding-bottom:var(--wp--preset--spacing--60);padding-left:var(--wp--preset--spacing--30)\">\n<div class=\"wp-block-group alignwide has-global-padding is-content-justification-center is-layout-constrained wp-block-group-is-layout-constrained\">\n<h3 class=\"wp-block-heading has-text-align-center\" style=\"margin-top:12px\"><strong>Los tratamientos de Bienestar M\u00e9dico ofrecen<\/strong><\/h3>\n<\/div>\n\n\n\n<div class=\"wp-block-columns alignwide is-layout-flex wp-container-core-columns-is-layout-5b525043 wp-block-columns-is-layout-flex\">\n<div class=\"wp-block-column is-layout-flow wp-block-column-is-layout-flow\">\n<div class=\"wp-block-group has-global-padding is-layout-constrained wp-container-core-group-is-layout-19e250f3 wp-block-group-is-layout-constrained\">\n<figure class=\"wp-block-image size-large has-custom-border ext-aspect-landscape\"><img loading=\"lazy\" decoding=\"async\" width=\"1024\" height=\"683\" src=\"https:\/\/acm-resorts.com\/wp-content\/uploads\/2025\/04\/myoreflex-AdobeStock_nBhutinat-1024x683.jpeg\" alt=\"\" class=\"wp-image-268\" style=\"border-top-left-radius:25rem;border-top-right-radius:25rem;aspect-ratio:1;object-fit:cover\" srcset=\"https:\/\/acm-resorts.com\/wp-content\/uploads\/2025\/04\/myoreflex-AdobeStock_nBhutinat-1024x683.jpeg 1024w, https:\/\/acm-resorts.com\/wp-content\/uploads\/2025\/04\/myoreflex-AdobeStock_nBhutinat-300x200.jpeg 300w, https:\/\/acm-resorts.com\/wp-content\/uploads\/2025\/04\/myoreflex-AdobeStock_nBhutinat-768x512.jpeg 768w, https:\/\/acm-resorts.com\/wp-content\/uploads\/2025\/04\/myoreflex-AdobeStock_nBhutinat-1536x1024.jpeg 1536w, https:\/\/acm-resorts.com\/wp-content\/uploads\/2025\/04\/myoreflex-AdobeStock_nBhutinat-2048x1365.jpeg 2048w\" sizes=\"auto, (max-width: 1024px) 100vw, 1024px\" \/><\/figure>\n\n\n\n<h3 class=\"wp-block-heading has-text-align-center has-tertiary-background-color has-background\" style=\"padding-top:12px;padding-right:24px;padding-bottom:12px;padding-left:24px;font-size:clamp(14px, 0.875rem + ((1vw - 3.2px) * 0.625), 20px);line-height:1.5\">Terapia miorrefleja<\/h3>\n<\/div>\n<\/div>\n\n\n\n<div class=\"wp-block-column is-layout-flow wp-block-column-is-layout-flow\">\n<div class=\"wp-block-group has-global-padding is-layout-constrained wp-container-core-group-is-layout-19e250f3 wp-block-group-is-layout-constrained\">\n<figure class=\"wp-block-image size-large has-custom-border ext-aspect-landscape\"><img loading=\"lazy\" decoding=\"async\" width=\"1024\" height=\"683\" src=\"https:\/\/acm-resorts.com\/wp-content\/uploads\/2025\/04\/osteopathie-AdobeStock_90452380-1024x683.jpeg\" alt=\"\" class=\"wp-image-269\" style=\"border-top-left-radius:25rem;border-top-right-radius:25rem;aspect-ratio:1;object-fit:cover\" srcset=\"https:\/\/acm-resorts.com\/wp-content\/uploads\/2025\/04\/osteopathie-AdobeStock_90452380-1024x683.jpeg 1024w, https:\/\/acm-resorts.com\/wp-content\/uploads\/2025\/04\/osteopathie-AdobeStock_90452380-300x200.jpeg 300w, https:\/\/acm-resorts.com\/wp-content\/uploads\/2025\/04\/osteopathie-AdobeStock_90452380-768x512.jpeg 768w, https:\/\/acm-resorts.com\/wp-content\/uploads\/2025\/04\/osteopathie-AdobeStock_90452380-1536x1024.jpeg 1536w, https:\/\/acm-resorts.com\/wp-content\/uploads\/2025\/04\/osteopathie-AdobeStock_90452380-2048x1365.jpeg 2048w\" sizes=\"auto, (max-width: 1024px) 100vw, 1024px\" \/><\/figure>\n\n\n\n<h3 class=\"wp-block-heading has-text-align-center has-tertiary-background-color has-background\" style=\"padding-top:12px;padding-right:24px;padding-bottom:12px;padding-left:24px;font-size:clamp(14px, 0.875rem + ((1vw - 3.2px) * 0.625), 20px);line-height:1.5\">Osteopat\u00eda<\/h3>\n<\/div>\n<\/div>\n\n\n\n<div class=\"wp-block-column is-layout-flow wp-block-column-is-layout-flow\">\n<div class=\"wp-block-group has-global-padding is-layout-constrained wp-container-core-group-is-layout-19e250f3 wp-block-group-is-layout-constrained\">\n<figure class=\"wp-block-image size-large has-custom-border ext-aspect-landscape\"><img loading=\"lazy\" decoding=\"async\" width=\"1024\" height=\"683\" src=\"https:\/\/acm-resorts.com\/wp-content\/uploads\/2025\/04\/massage-AdobeStock_Microgen-1024x683.jpeg\" alt=\"\" class=\"wp-image-271\" style=\"border-top-left-radius:25rem;border-top-right-radius:25rem;aspect-ratio:1;object-fit:cover\" srcset=\"https:\/\/acm-resorts.com\/wp-content\/uploads\/2025\/04\/massage-AdobeStock_Microgen-1024x683.jpeg 1024w, https:\/\/acm-resorts.com\/wp-content\/uploads\/2025\/04\/massage-AdobeStock_Microgen-300x200.jpeg 300w, https:\/\/acm-resorts.com\/wp-content\/uploads\/2025\/04\/massage-AdobeStock_Microgen-768x512.jpeg 768w, https:\/\/acm-resorts.com\/wp-content\/uploads\/2025\/04\/massage-AdobeStock_Microgen-1536x1024.jpeg 1536w\" sizes=\"auto, (max-width: 1024px) 100vw, 1024px\" \/><\/figure>\n\n\n\n<h3 class=\"wp-block-heading has-text-align-center has-tertiary-background-color has-background\" style=\"padding-top:12px;padding-right:24px;padding-bottom:12px;padding-left:24px;font-size:clamp(14px, 0.875rem + ((1vw - 3.2px) * 0.625), 20px);line-height:1.5\">Masaje cl\u00e1sico<\/h3>\n<\/div>\n<\/div>\n\n\n\n<div class=\"wp-block-column is-layout-flow wp-block-column-is-layout-flow\">\n<div class=\"wp-block-group has-global-padding is-layout-constrained wp-container-core-group-is-layout-19e250f3 wp-block-group-is-layout-constrained\">\n<figure class=\"wp-block-image size-large has-custom-border ext-aspect-landscape\"><img loading=\"lazy\" decoding=\"async\" width=\"1024\" height=\"683\" src=\"https:\/\/acm-resorts.com\/wp-content\/uploads\/2025\/04\/beautymassage-AdobeStock_karelnoppe-1024x683.jpeg\" alt=\"\" class=\"wp-image-270\" style=\"border-top-left-radius:25rem;border-top-right-radius:25rem;aspect-ratio:1;object-fit:cover\" srcset=\"https:\/\/acm-resorts.com\/wp-content\/uploads\/2025\/04\/beautymassage-AdobeStock_karelnoppe-1024x683.jpeg 1024w, https:\/\/acm-resorts.com\/wp-content\/uploads\/2025\/04\/beautymassage-AdobeStock_karelnoppe-300x200.jpeg 300w, https:\/\/acm-resorts.com\/wp-content\/uploads\/2025\/04\/beautymassage-AdobeStock_karelnoppe-768x512.jpeg 768w, https:\/\/acm-resorts.com\/wp-content\/uploads\/2025\/04\/beautymassage-AdobeStock_karelnoppe-1536x1024.jpeg 1536w, https:\/\/acm-resorts.com\/wp-content\/uploads\/2025\/04\/beautymassage-AdobeStock_karelnoppe-2048x1365.jpeg 2048w\" sizes=\"auto, (max-width: 1024px) 100vw, 1024px\" \/><\/figure>\n\n\n\n<h3 class=\"wp-block-heading has-text-align-center has-tertiary-background-color has-background\" style=\"padding-top:12px;padding-right:24px;padding-bottom:12px;padding-left:24px;font-size:clamp(14px, 0.875rem + ((1vw - 3.2px) * 0.625), 20px);line-height:1.5\">Tratamientos de belleza<\/h3>\n<\/div>\n<\/div>\n<\/div>\n<\/div>\n\n<p><\/p>\n","protected":false},"excerpt":{"rendered":"<p>Los tratamientos de Bienestar M\u00e9dico ofrecen Terapia miorrefleja Osteopat\u00eda Masaje cl\u00e1sico Tratamientos de belleza<\/p>\n","protected":false},"author":1,"featured_media":0,"parent":0,"menu_order":0,"comment_status":"closed","ping_status":"closed","template":"","meta":{"footnotes":""},"class_list":["post-675","page","type-page","status-publish","hentry"],"aioseo_notices":[],"_links":{"self":[{"href":"https:\/\/acm-resorts.com\/es\/wp-json\/wp\/v2\/pages\/675","targetHints":{"allow":["GET"]}}],"collection":[{"href":"https:\/\/acm-resorts.com\/es\/wp-json\/wp\/v2\/pages"}],"about":[{"href":"https:\/\/acm-resorts.com\/es\/wp-json\/wp\/v2\/types\/page"}],"author":[{"embeddable":true,"href":"https:\/\/acm-resorts.com\/es\/wp-json\/wp\/v2\/users\/1"}],"replies":[{"embeddable":true,"href":"https:\/\/acm-resorts.com\/es\/wp-json\/wp\/v2\/comments?post=675"}],"version-history":[{"count":1,"href":"https:\/\/acm-resorts.com\/es\/wp-json\/wp\/v2\/pages\/675\/revisions"}],"predecessor-version":[{"id":699,"href":"https:\/\/acm-resorts.com\/es\/wp-json\/wp\/v2\/pages\/675\/revisions\/699"}],"wp:attachment":[{"href":"https:\/\/acm-resorts.com\/es\/wp-json\/wp\/v2\/media?parent=675"}],"curies":[{"name":"wp","href":"https:\/\/api.w.org\/{rel}","templated":true}]}}