{"id":673,"date":"2025-03-01T00:51:09","date_gmt":"2025-03-01T00:51:09","guid":{"rendered":"https:\/\/acm-resorts.com\/concepto-medico\/"},"modified":"2025-05-03T11:43:56","modified_gmt":"2025-05-03T11:43:56","slug":"concepto-medico","status":"publish","type":"page","link":"https:\/\/acm-resorts.com\/es\/concepto-medico\/","title":{"rendered":"Concepto m\u00e9dico"},"content":{"rendered":"\n<div class=\"wp-block-group alignfull has-tertiary-background-color has-background is-content-justification-left is-layout-flex wp-container-core-group-is-layout-b9696b7f wp-block-group-is-layout-flex\" id=\"services\" style=\"margin-top:0;margin-bottom:0;padding-top:var(--wp--preset--spacing--60);padding-right:var(--wp--preset--spacing--30);padding-bottom:var(--wp--preset--spacing--60);padding-left:var(--wp--preset--spacing--30)\">\n<div class=\"wp-block-columns is-layout-flex wp-container-core-columns-is-layout-28f84493 wp-block-columns-is-layout-flex\">\n<div class=\"wp-block-column is-layout-flow wp-block-column-is-layout-flow\" style=\"flex-basis:100%\">\n<div class=\"wp-block-group has-global-padding is-layout-constrained wp-block-group-is-layout-constrained\"><\/div>\n<\/div>\n<\/div>\n\n\n\n<div class=\"wp-block-group is-horizontal is-content-justification-left is-layout-flex wp-container-core-group-is-layout-a86bb09c wp-block-group-is-layout-flex\">\n<div class=\"wp-block-group has-global-padding is-layout-constrained wp-block-group-is-layout-constrained\">\n<h2 class=\"wp-block-heading alignwide has-text-align-left\"><strong>Concepto m\u00e9dico<\/strong><\/h2>\n\n\n\n<p class=\"has-text-align-left has-medium-font-size\" style=\"margin-top:16px\">Es bien sabido que las cl\u00ednicas sanitarias del mercado s\u00f3lo ofrecen medicina y tratamientos superficiales. No hay ning\u00fan resultado sostenible para el paciente.<\/p>\n\n\n\n<p class=\"has-medium-font-size\">Lo mismo ocurre con los hoteles de bienestar cl\u00e1sicos, con conferencias m\u00e9dicas mensuales de duraci\u00f3n limitada.<\/p>\n\n\n\n<p class=\"has-medium-font-size\">ACM Resorts ofrece un m\u00e9dico jefe con mucha experiencia que est\u00e1 presente todos los d\u00edas.<\/p>\n\n\n\n<p class=\"has-medium-font-size\">\u00c9l y sus colegas, as\u00ed como el equipo de fisioterapia, cuidan de los hu\u00e9spedes.<\/p>\n\n\n\n<p class=\"has-medium-font-size\">Es un hecho que mucha gente a partir de cierta edad tiene un sufrimiento b\u00e1sico.<\/p>\n\n\n\n<p class=\"has-text-align-left has-medium-font-size\">Por eso damos importancia a un nivel m\u00e9dico de alta calidad.<\/p>\n<\/div>\n\n\n\n<div class=\"wp-block-group has-global-padding is-layout-constrained wp-block-group-is-layout-constrained\">\n<figure class=\"wp-block-gallery has-nested-images columns-default is-cropped wp-block-gallery-1 is-layout-flex wp-block-gallery-is-layout-flex\">\n<figure class=\"wp-block-image size-full\" style=\"margin-right:0;margin-left:0\"><img loading=\"lazy\" decoding=\"async\" width=\"2386\" height=\"1760\" data-id=\"195\" src=\"https:\/\/acm-resorts.com\/wp-content\/uploads\/2025\/03\/11062b_86a8b19547a44e38a532db0c8f641983mv2.jpeg\" alt=\"\" class=\"wp-image-195\" style=\"object-fit:cover\" srcset=\"https:\/\/acm-resorts.com\/wp-content\/uploads\/2025\/03\/11062b_86a8b19547a44e38a532db0c8f641983mv2.jpeg 2386w, https:\/\/acm-resorts.com\/wp-content\/uploads\/2025\/03\/11062b_86a8b19547a44e38a532db0c8f641983mv2-300x221.jpeg 300w, https:\/\/acm-resorts.com\/wp-content\/uploads\/2025\/03\/11062b_86a8b19547a44e38a532db0c8f641983mv2-1024x755.jpeg 1024w, https:\/\/acm-resorts.com\/wp-content\/uploads\/2025\/03\/11062b_86a8b19547a44e38a532db0c8f641983mv2-768x567.jpeg 768w, https:\/\/acm-resorts.com\/wp-content\/uploads\/2025\/03\/11062b_86a8b19547a44e38a532db0c8f641983mv2-1536x1133.jpeg 1536w, https:\/\/acm-resorts.com\/wp-content\/uploads\/2025\/03\/11062b_86a8b19547a44e38a532db0c8f641983mv2-2048x1511.jpeg 2048w\" sizes=\"auto, (max-width: 2386px) 100vw, 2386px\" \/><\/figure>\n<\/figure>\n<\/div>\n<\/div>\n<\/div>\n\n<p><\/p>\n","protected":false},"excerpt":{"rendered":"<p>Concepto m\u00e9dico Es bien sabido que las cl\u00ednicas sanitarias del mercado s\u00f3lo ofrecen medicina y tratamientos superficiales. No hay ning\u00fan resultado sostenible para el paciente. Lo mismo ocurre con los hoteles de bienestar cl\u00e1sicos, con conferencias m\u00e9dicas mensuales de duraci\u00f3n limitada. ACM Resorts ofrece un m\u00e9dico jefe con mucha experiencia que est\u00e1 presente todos los [&hellip;]<\/p>\n","protected":false},"author":1,"featured_media":0,"parent":0,"menu_order":0,"comment_status":"closed","ping_status":"closed","template":"no-title","meta":{"footnotes":""},"class_list":["post-673","page","type-page","status-publish","hentry"],"aioseo_notices":[],"_links":{"self":[{"href":"https:\/\/acm-resorts.com\/es\/wp-json\/wp\/v2\/pages\/673","targetHints":{"allow":["GET"]}}],"collection":[{"href":"https:\/\/acm-resorts.com\/es\/wp-json\/wp\/v2\/pages"}],"about":[{"href":"https:\/\/acm-resorts.com\/es\/wp-json\/wp\/v2\/types\/page"}],"author":[{"embeddable":true,"href":"https:\/\/acm-resorts.com\/es\/wp-json\/wp\/v2\/users\/1"}],"replies":[{"embeddable":true,"href":"https:\/\/acm-resorts.com\/es\/wp-json\/wp\/v2\/comments?post=673"}],"version-history":[{"count":9,"href":"https:\/\/acm-resorts.com\/es\/wp-json\/wp\/v2\/pages\/673\/revisions"}],"predecessor-version":[{"id":1003,"href":"https:\/\/acm-resorts.com\/es\/wp-json\/wp\/v2\/pages\/673\/revisions\/1003"}],"wp:attachment":[{"href":"https:\/\/acm-resorts.com\/es\/wp-json\/wp\/v2\/media?parent=673"}],"curies":[{"name":"wp","href":"https:\/\/api.w.org\/{rel}","templated":true}]}}