{"id":647,"date":"2025-03-01T00:51:09","date_gmt":"2025-03-01T00:51:09","guid":{"rendered":"https:\/\/acm-resorts.com\/ceo-und-gruender-der-acm-resorts\/"},"modified":"2025-05-03T11:49:22","modified_gmt":"2025-05-03T11:49:22","slug":"ceo-und-gruender-der-acm-resorts","status":"publish","type":"page","link":"https:\/\/acm-resorts.com\/de\/ceo-und-gruender-der-acm-resorts\/","title":{"rendered":"CEO und Gr\u00fcnder der ACM Resorts"},"content":{"rendered":"\n<div class=\"wp-block-group alignfull has-tertiary-background-color has-background is-nowrap is-layout-flex wp-container-core-group-is-layout-dc8bf109 wp-block-group-is-layout-flex\" id=\"about\" style=\"margin-top:0;margin-bottom:0;padding-top:var(--wp--preset--spacing--60);padding-right:var(--wp--preset--spacing--30);padding-bottom:var(--wp--preset--spacing--60);padding-left:var(--wp--preset--spacing--30)\">\n<div class=\"wp-block-columns alignfull has-medium-font-size is-layout-flex wp-container-core-columns-is-layout-cf2eabc1 wp-block-columns-is-layout-flex\" style=\"margin-top:0;margin-bottom:0;padding-right:0;padding-left:0\">\n<div class=\"wp-block-column is-vertically-aligned-top is-layout-flow wp-container-core-column-is-layout-27b7a239 wp-block-column-is-layout-flow\" style=\"padding-right:0;padding-left:0em;flex-basis:50%\">\n<h2 class=\"wp-block-heading has-text-align-left\"><strong>CEO und Gr\u00fcnder der ACM Resorts<\/strong><\/h2>\n\n\n\n<p class=\"has-text-align-left has-medium-font-size\" style=\"margin-top:16px\">Andreas, MBA und Master of Science, hat ein mittelst\u00e4ndisches Familienunternehmen mit 120 Mitarbeitern in Deutschland geleitet.<\/p>\n\n\n\n<p class=\"has-medium-font-size\" style=\"margin-top:16px\">In den sp\u00e4ten Neunzigern beschloss er, das Unternehmen zu verkaufen, um Zeit f\u00fcr eine neue Herausforderung zu haben.<\/p>\n\n\n\n<p class=\"has-medium-font-size\" style=\"margin-top:16px;margin-right:0\">In den folgenden Jahren ging er als Energieberater nach Asien und Nordamerika.<\/p>\n\n\n\n<p class=\"has-medium-font-size\" style=\"margin-top:16px\">In dieser Zeit war er sich der Energie der Natur und der Botschaft f\u00fcr die Menschheit bewusst.<\/p>\n\n\n\n<p class=\"has-medium-font-size\" style=\"margin-top:16px\">Mit diesem Wissen begann er 2017 mit der Entwicklung des ACM-Konzepts.<\/p>\n\n\n\n<p class=\"has-medium-font-size\" style=\"margin-top:16px\">Er praktizierte den Dialog mit f\u00fchrenden Experten verschiedener medizinischer Disziplinen.<\/p>\n\n\n\n<p class=\"has-text-align-left has-medium-font-size\" style=\"margin-top:16px\">Das Ergebnis ist das ganzheitliche medizinische ACM-Konzept.<\/p>\n<\/div>\n\n\n\n<div class=\"wp-block-column is-vertically-aligned-center is-layout-flow wp-block-column-is-layout-flow\" style=\"flex-basis:50%\">\n<figure class=\"wp-block-image aligncenter size-large\"><img loading=\"lazy\" decoding=\"async\" width=\"1024\" height=\"682\" src=\"https:\/\/acm-resorts.com\/wp-content\/uploads\/2025\/03\/DSC_2305-e1742229592423-1024x682.jpg\" alt=\"\" class=\"wp-image-137\" srcset=\"https:\/\/acm-resorts.com\/wp-content\/uploads\/2025\/03\/DSC_2305-e1742229592423-1024x682.jpg 1024w, https:\/\/acm-resorts.com\/wp-content\/uploads\/2025\/03\/DSC_2305-e1742229592423-300x200.jpg 300w, https:\/\/acm-resorts.com\/wp-content\/uploads\/2025\/03\/DSC_2305-e1742229592423-768x512.jpg 768w, https:\/\/acm-resorts.com\/wp-content\/uploads\/2025\/03\/DSC_2305-e1742229592423-1536x1023.jpg 1536w, https:\/\/acm-resorts.com\/wp-content\/uploads\/2025\/03\/DSC_2305-e1742229592423.jpg 1546w\" sizes=\"auto, (max-width: 1024px) 100vw, 1024px\" \/><\/figure>\n<\/div>\n<\/div>\n<\/div>\n\n<p><\/p>\n","protected":false},"excerpt":{"rendered":"<p>CEO und Gr\u00fcnder der ACM Resorts Andreas, MBA und Master of Science, hat ein mittelst\u00e4ndisches Familienunternehmen mit 120 Mitarbeitern in Deutschland geleitet. In den sp\u00e4ten Neunzigern beschloss er, das Unternehmen zu verkaufen, um Zeit f\u00fcr eine neue Herausforderung zu haben. In den folgenden Jahren ging er als Energieberater nach Asien und Nordamerika. In dieser Zeit [&hellip;]<\/p>\n","protected":false},"author":1,"featured_media":0,"parent":0,"menu_order":0,"comment_status":"closed","ping_status":"closed","template":"no-title","meta":{"footnotes":""},"class_list":["post-647","page","type-page","status-publish","hentry"],"aioseo_notices":[],"_links":{"self":[{"href":"https:\/\/acm-resorts.com\/de\/wp-json\/wp\/v2\/pages\/647","targetHints":{"allow":["GET"]}}],"collection":[{"href":"https:\/\/acm-resorts.com\/de\/wp-json\/wp\/v2\/pages"}],"about":[{"href":"https:\/\/acm-resorts.com\/de\/wp-json\/wp\/v2\/types\/page"}],"author":[{"embeddable":true,"href":"https:\/\/acm-resorts.com\/de\/wp-json\/wp\/v2\/users\/1"}],"replies":[{"embeddable":true,"href":"https:\/\/acm-resorts.com\/de\/wp-json\/wp\/v2\/comments?post=647"}],"version-history":[{"count":3,"href":"https:\/\/acm-resorts.com\/de\/wp-json\/wp\/v2\/pages\/647\/revisions"}],"predecessor-version":[{"id":1014,"href":"https:\/\/acm-resorts.com\/de\/wp-json\/wp\/v2\/pages\/647\/revisions\/1014"}],"wp:attachment":[{"href":"https:\/\/acm-resorts.com\/de\/wp-json\/wp\/v2\/media?parent=647"}],"curies":[{"name":"wp","href":"https:\/\/api.w.org\/{rel}","templated":true}]}}