{"id":617,"date":"2025-03-01T00:51:09","date_gmt":"2025-03-01T00:51:09","guid":{"rendered":"https:\/\/acm-resorts.com\/unsere-vision\/"},"modified":"2025-05-03T11:31:35","modified_gmt":"2025-05-03T11:31:35","slug":"unsere-vision","status":"publish","type":"page","link":"https:\/\/acm-resorts.com\/de\/unsere-vision\/","title":{"rendered":"Unsere Vision"},"content":{"rendered":"\n<div class=\"wp-block-group alignfull has-tertiary-background-color has-background has-global-padding is-layout-constrained wp-container-core-group-is-layout-2fd3be65 wp-block-group-is-layout-constrained\" id=\"about\" style=\"margin-top:0;margin-bottom:0;padding-top:var(--wp--preset--spacing--50);padding-right:0;padding-bottom:var(--wp--preset--spacing--50);padding-left:0\">\n<div class=\"wp-block-columns alignfull is-layout-flex wp-container-core-columns-is-layout-47c06fe3 wp-block-columns-is-layout-flex\">\n<div class=\"wp-block-column is-vertically-aligned-center is-layout-flow wp-container-core-column-is-layout-a5a03dca wp-block-column-is-layout-flow\" style=\"padding-right:var(--wp--preset--spacing--60);padding-left:9vw;flex-basis:27%\">\n<h2 class=\"wp-block-heading has-text-align-left\">Unsere Vision<\/h2>\n\n\n\n<p class=\"has-text-align-left has-medium-font-size\" style=\"margin-top:16px\">Wir setzen auf ganzheitliche Medizin als Pr\u00e4ventionsma\u00dfnahme f\u00fcr unsere G\u00e4ste.<\/p>\n\n\n\n<p class=\"has-text-align-left has-medium-font-size\" style=\"margin-top:16px\">ACM bedeutet, dass unsere G\u00e4ste unser Resort und die wunderbare Natur rund um das Resort mit allen Sinnen erleben: Kunst - Kultur - Medizin<\/p>\n\n\n\n<p class=\"has-text-align-left has-medium-font-size\" style=\"margin-top:16px\">Wir forschen nach den besten Orten in den Bergen oder am Meer, an denen die Heilung unserer G\u00e4ste stattfinden kann.<\/p>\n\n\n\n<p class=\"has-text-align-left has-medium-font-size\" style=\"margin-top:16px\">In den westlichen Industriel\u00e4ndern geraten die Menschen durch den t\u00e4glichen Stress aus dem Gleichgewicht.<\/p>\n\n\n\n<p class=\"has-text-align-left has-medium-font-size\" style=\"margin-top:16px\">Dieses Ph\u00e4nomen beginnt im Alter von etwa 40 bis 45 Jahren.<\/p>\n\n\n\n<p class=\"has-text-align-left has-medium-font-size\" style=\"margin-top:16px\">Wenn jemand 10 Tage lang in einem Wellness-Resort bleibt, f\u00fchlt er sich gut.<\/p>\n\n\n\n<p class=\"has-text-align-left has-medium-font-size\" style=\"margin-top:16px\">Doch zur\u00fcck im Alltag verschwindet der positive Effekt schnell wieder.<\/p>\n\n\n\n<p class=\"has-text-align-left has-medium-font-size\" style=\"margin-top:16px\">Und warum?<\/p>\n\n\n\n<p class=\"has-text-align-left has-medium-font-size\" style=\"margin-top:16px\">Da er nicht in der Lage ist, seine Gewohnheiten zu \u00e4ndern, wird er f\u00fcr eine lange Zeit benutzt.<\/p>\n\n\n\n<p class=\"has-text-align-left has-medium-font-size\" style=\"margin-top:16px\">Deshalb haben wir unsere Software &#8222;Medical Coaching&#8220; entwickelt.<\/p>\n\n\n\n<p class=\"has-text-align-left has-medium-font-size\" style=\"margin-top:16px\">Alle wesentlichen medizinischen und psychologischen Daten sowie die Ergebnisse medizinischer Analysen und Behandlungen sind integriert.<\/p>\n\n\n\n<p class=\"has-text-align-left has-medium-font-size\" style=\"margin-top:16px\">Wir bieten nach dem Aufenthalt bei uns alle zwei Wochen eine Videokonferenz an, um Schritt f\u00fcr Schritt den richtigen Weg zum Erfolg im eigenen individuellen Leben zu gehen.<\/p>\n<\/div>\n\n\n\n<div class=\"wp-block-column is-vertically-aligned-top is-layout-flow wp-block-column-is-layout-flow\" style=\"flex-basis:50%\">\n<figure class=\"wp-block-image aligncenter size-full is-resized\"><img loading=\"lazy\" decoding=\"async\" width=\"730\" height=\"566\" src=\"https:\/\/acm-resorts.com\/wp-content\/uploads\/2025\/03\/13-copy.jpg\" alt=\"\" class=\"wp-image-67\" style=\"width:937px;height:auto\" srcset=\"https:\/\/acm-resorts.com\/wp-content\/uploads\/2025\/03\/13-copy.jpg 730w, https:\/\/acm-resorts.com\/wp-content\/uploads\/2025\/03\/13-copy-300x233.jpg 300w\" sizes=\"auto, (max-width: 730px) 100vw, 730px\" \/><\/figure>\n<\/div>\n<\/div>\n<\/div>\n\n<p><\/p>\n","protected":false},"excerpt":{"rendered":"<p>Unsere Vision Wir setzen auf ganzheitliche Medizin als Pr\u00e4ventionsma\u00dfnahme f\u00fcr unsere G\u00e4ste. ACM bedeutet, dass unsere G\u00e4ste unser Resort und die wunderbare Natur rund um das Resort mit allen Sinnen erleben: Kunst - Kultur - Medizin Wir forschen nach den besten Orten in den Bergen oder am Meer, an denen die Heilung unserer G\u00e4ste stattfinden [&hellip;]<\/p>\n","protected":false},"author":1,"featured_media":0,"parent":0,"menu_order":0,"comment_status":"closed","ping_status":"closed","template":"no-title","meta":{"footnotes":""},"class_list":["post-617","page","type-page","status-publish","hentry"],"aioseo_notices":[],"_links":{"self":[{"href":"https:\/\/acm-resorts.com\/de\/wp-json\/wp\/v2\/pages\/617","targetHints":{"allow":["GET"]}}],"collection":[{"href":"https:\/\/acm-resorts.com\/de\/wp-json\/wp\/v2\/pages"}],"about":[{"href":"https:\/\/acm-resorts.com\/de\/wp-json\/wp\/v2\/types\/page"}],"author":[{"embeddable":true,"href":"https:\/\/acm-resorts.com\/de\/wp-json\/wp\/v2\/users\/1"}],"replies":[{"embeddable":true,"href":"https:\/\/acm-resorts.com\/de\/wp-json\/wp\/v2\/comments?post=617"}],"version-history":[{"count":3,"href":"https:\/\/acm-resorts.com\/de\/wp-json\/wp\/v2\/pages\/617\/revisions"}],"predecessor-version":[{"id":940,"href":"https:\/\/acm-resorts.com\/de\/wp-json\/wp\/v2\/pages\/617\/revisions\/940"}],"wp:attachment":[{"href":"https:\/\/acm-resorts.com\/de\/wp-json\/wp\/v2\/media?parent=617"}],"curies":[{"name":"wp","href":"https:\/\/api.w.org\/{rel}","templated":true}]}}