{"id":586,"date":"2025-03-01T00:51:10","date_gmt":"2025-03-01T00:51:10","guid":{"rendered":"https:\/\/acm-resorts.com\/startseite\/"},"modified":"2025-05-03T11:27:21","modified_gmt":"2025-05-03T11:27:21","slug":"startseite","status":"publish","type":"page","link":"https:\/\/acm-resorts.com\/de\/","title":{"rendered":"Startseite"},"content":{"rendered":"\n<div class=\"wp-block-group alignfull has-background-background-color has-background has-global-padding is-layout-constrained wp-block-group-is-layout-constrained\" style=\"margin-top:0;margin-bottom:0;padding-top:0;padding-bottom:0\">\n<div class=\"wp-block-cover alignfull has-custom-content-position is-position-bottom-center\" style=\"padding-top:var(--wp--preset--spacing--60);padding-right:var(--wp--preset--spacing--30);padding-bottom:var(--wp--preset--spacing--60);padding-left:var(--wp--preset--spacing--30);min-height:80vh;aspect-ratio:unset;\"><span aria-hidden=\"true\" class=\"wp-block-cover__background has-background-dim-0 has-background-dim\"><\/span><img loading=\"lazy\" decoding=\"async\" width=\"2160\" height=\"1215\" class=\"wp-block-cover__image-background wp-image-106\" alt=\"\" src=\"https:\/\/acm-resorts.com\/wp-content\/uploads\/2025\/03\/leonardo-1180750-154_Italy_puglia_Borgo_Egnazia_16BITS_kopiera_O-501500.jpg\" style=\"object-position:48% 57%\" data-object-fit=\"cover\" data-object-position=\"48% 57%\" srcset=\"https:\/\/acm-resorts.com\/wp-content\/uploads\/2025\/03\/leonardo-1180750-154_Italy_puglia_Borgo_Egnazia_16BITS_kopiera_O-501500.jpg 2160w, https:\/\/acm-resorts.com\/wp-content\/uploads\/2025\/03\/leonardo-1180750-154_Italy_puglia_Borgo_Egnazia_16BITS_kopiera_O-501500-300x169.jpg 300w, https:\/\/acm-resorts.com\/wp-content\/uploads\/2025\/03\/leonardo-1180750-154_Italy_puglia_Borgo_Egnazia_16BITS_kopiera_O-501500-1024x576.jpg 1024w, https:\/\/acm-resorts.com\/wp-content\/uploads\/2025\/03\/leonardo-1180750-154_Italy_puglia_Borgo_Egnazia_16BITS_kopiera_O-501500-768x432.jpg 768w, https:\/\/acm-resorts.com\/wp-content\/uploads\/2025\/03\/leonardo-1180750-154_Italy_puglia_Borgo_Egnazia_16BITS_kopiera_O-501500-1536x864.jpg 1536w, https:\/\/acm-resorts.com\/wp-content\/uploads\/2025\/03\/leonardo-1180750-154_Italy_puglia_Borgo_Egnazia_16BITS_kopiera_O-501500-2048x1152.jpg 2048w\" sizes=\"auto, (max-width: 2160px) 100vw, 2160px\" \/><div class=\"wp-block-cover__inner-container has-global-padding is-layout-constrained wp-container-core-cover-is-layout-941b2030 wp-block-cover-is-layout-constrained\">\n<p class=\"has-text-align-center has-large-font-size\"><\/p>\n<\/div><\/div>\n<\/div>\n\n<div class=\"wp-block-group alignfull has-tertiary-background-color has-background is-content-justification-center is-nowrap is-layout-flex wp-container-core-group-is-layout-64928417 wp-block-group-is-layout-flex\" id=\"services\" style=\"margin-top:0;margin-bottom:0;padding-top:var(--wp--preset--spacing--60);padding-right:var(--wp--preset--spacing--30);padding-bottom:var(--wp--preset--spacing--60);padding-left:var(--wp--preset--spacing--30)\">\n<div class=\"wp-block-group alignfull has-global-padding is-content-justification-center is-layout-constrained wp-container-core-group-is-layout-89616dca wp-block-group-is-layout-constrained\">\n<h2 class=\"wp-block-heading has-text-align-center\"><strong><strong><strong>ACM Kurort<\/strong><\/strong><\/strong><\/h2>\n\n\n\n<p class=\"has-text-align-center has-medium-font-size\" style=\"margin-top:16px\">Wir Menschen haben verlernt, auf unsere innere Stimme zu h\u00f6ren, und Stress kann uns schnell aus dem Gleichgewicht bringen. Wenn keine ganzheitlichen Ma\u00dfnahmen ergriffen werden, sind Herzinfarkte, Schlaganf\u00e4lle, Depressionen und Ersch\u00f6pfung die Folge.<\/p>\n\n\n\n<p class=\"has-text-align-center has-medium-font-size\" style=\"margin-top:16px\">F\u00fcr unsere ganzheitliche Therapie verwenden wir neben der klassischen Medizin auch die grundlegenden Elemente des Ayurveda, der Traditionellen Chinesischen Medizin (TCM) und der tibetischen Medizin.<\/p>\n<\/div>\n<\/div>\n\n<p><\/p>\n","protected":false},"excerpt":{"rendered":"<p>ACM Kurort Wir Menschen haben verlernt, auf unsere innere Stimme zu h\u00f6ren, und Stress kann uns schnell aus dem Gleichgewicht bringen. Wenn keine ganzheitlichen Ma\u00dfnahmen ergriffen werden, sind Herzinfarkte, Schlaganf\u00e4lle, Depressionen und Ersch\u00f6pfung die Folge. F\u00fcr unsere ganzheitliche Therapie verwenden wir neben der klassischen Medizin auch die grundlegenden Elemente des Ayurveda, der Traditionellen Chinesischen Medizin [&hellip;]<\/p>\n","protected":false},"author":1,"featured_media":0,"parent":0,"menu_order":0,"comment_status":"closed","ping_status":"closed","template":"no-title","meta":{"footnotes":""},"class_list":["post-586","page","type-page","status-publish","hentry"],"aioseo_notices":[],"_links":{"self":[{"href":"https:\/\/acm-resorts.com\/de\/wp-json\/wp\/v2\/pages\/586","targetHints":{"allow":["GET"]}}],"collection":[{"href":"https:\/\/acm-resorts.com\/de\/wp-json\/wp\/v2\/pages"}],"about":[{"href":"https:\/\/acm-resorts.com\/de\/wp-json\/wp\/v2\/types\/page"}],"author":[{"embeddable":true,"href":"https:\/\/acm-resorts.com\/de\/wp-json\/wp\/v2\/users\/1"}],"replies":[{"embeddable":true,"href":"https:\/\/acm-resorts.com\/de\/wp-json\/wp\/v2\/comments?post=586"}],"version-history":[{"count":1,"href":"https:\/\/acm-resorts.com\/de\/wp-json\/wp\/v2\/pages\/586\/revisions"}],"predecessor-version":[{"id":593,"href":"https:\/\/acm-resorts.com\/de\/wp-json\/wp\/v2\/pages\/586\/revisions\/593"}],"wp:attachment":[{"href":"https:\/\/acm-resorts.com\/de\/wp-json\/wp\/v2\/media?parent=586"}],"curies":[{"name":"wp","href":"https:\/\/api.w.org\/{rel}","templated":true}]}}