{"id":552,"date":"2025-04-04T13:43:53","date_gmt":"2025-04-04T13:43:53","guid":{"rendered":"https:\/\/acm-resorts.com\/unsere-geschichte\/"},"modified":"2025-12-02T21:53:57","modified_gmt":"2025-12-02T21:53:57","slug":"unsere-geschichte","status":"publish","type":"page","link":"https:\/\/acm-resorts.com\/de\/unsere-geschichte\/","title":{"rendered":"Unsere Geschichte"},"content":{"rendered":"\n<div class=\"wp-block-group alignfull has-tertiary-background-color has-background has-global-padding is-layout-constrained wp-container-core-group-is-layout-7276a2bb wp-block-group-is-layout-constrained\" style=\"margin-top:0;margin-bottom:0;padding-top:var(--wp--preset--spacing--60);padding-right:var(--wp--preset--spacing--30);padding-bottom:var(--wp--preset--spacing--60);padding-left:var(--wp--preset--spacing--30)\">\n<div class=\"wp-block-columns alignfull are-vertically-aligned-top is-layout-flex wp-container-core-columns-is-layout-47c06fe3 wp-block-columns-is-layout-flex\">\n<div class=\"wp-block-column is-vertically-aligned-top is-layout-flow wp-block-column-is-layout-flow\" style=\"padding-right:var(--wp--preset--spacing--60);padding-left:var(--wp--preset--spacing--60);flex-basis:33.3%\">\n<h2 class=\"wp-block-heading has-large-font-size\">Unsere Geschichte - Wir feiern das 100-j\u00e4hrige Jubil\u00e4um<\/h2>\n\n\n\n<p class=\"has-medium-font-size\" style=\"margin-top:16px\">1909: Gr\u00fcndung der Firma Waldsch\u00fctz durch Carl Waldsch\u00fctz. Der Zweck des Unternehmens war der Handel mit Brennstoffen und landwirtschaftlichen Produkten.\n1968: Im Zuge des wirtschaftlichen Aufschwungs wurde der Energiemarkt mit hoher Kompetenz weiter ausgebaut. Kompletter Service durch die Firma &#8222;Waldsch\u00fctz: Haus und Geb\u00e4udetechnik&#8220; Lieferung von Heiz\u00f6l<\/p>\n\n\n\n<p class=\"has-medium-font-size\" style=\"margin-top:16px\">1973 Konsequente Umsetzung von Energiesparm\u00f6glichkeiten und Entwicklung kundenspezifischer L\u00f6sungen.<br\/>Installation moderner \u00d6l- und Gasheizungsanlagen<br\/>Service und Wartung<br\/>Brennstofflieferung<br\/>2019: Der umfangreiche Erfahrungsschatz der Vergangenheit ist die Basis f\u00fcr kompetente Beratung, Installation und Betreuungsleistungen in den Bereichen Energieeffizienz und erneuerbare Energien. In der dritten Generation hat der gelernte Energietechniker und Betriebswirt Andreas Waldsch\u00fctz das Unternehmen auf den neuen Kurs &#8222;Energieeffizienz&#8220; und &#8222;Erneuerbare Energien&#8220; gebracht.<\/p>\n\n\n\n<p class=\"has-medium-font-size\" style=\"margin-top:16px\">Carl Waldsch\u00fctz gr\u00fcndete das Unternehmen vor 100 Jahren als Bank. Bald darauf wurden die Aktivit\u00e4ten auf den Handel mit Brennstoffen ausgeweitet. W\u00e4hrend der Weltwirtschaftskrise von 1929 hatte die Privatbank ohne Absicherung keine Chance mehr. Viele Bankkunden dachten, sie h\u00e4tten ihre Ersparnisse verloren.<br\/>Aber Anna Waldsch\u00fctz, die aus der Familie eines Zigarrenfabrikanten stammte, gab ihr Privatverm\u00f6gen aus reiner Gutm\u00fctigkeit an die vielen Kleinsparer ab.<\/p>\n\n\n\n<p class=\"has-medium-font-size\" style=\"margin-top:16px\">Der heutige Gesch\u00e4ftsf\u00fchrer Andreas Waldsch\u00fctz, ausgebildet in Energietechnik und Betriebswirtschaft, setzt nun mit einem neuen Kurs der Energieeffizienz und der erneuerbaren Energien konsequent auf den Umweltnutzen. Deshalb sind die Kernwerte von Waldsch\u00fctz Ethik, Verantwortung, Ressourceneffizienz, intensives Innovationsmanagement und effizientes und nachhaltiges Handeln.<\/p>\n<\/div>\n\n\n\n<div class=\"wp-block-column is-vertically-aligned-top is-layout-flow wp-container-core-column-is-layout-f5bb311e wp-block-column-is-layout-flow\" style=\"flex-basis:50%\">\n<figure class=\"wp-block-gallery has-nested-images columns-default is-cropped wp-block-gallery-1 is-layout-flex wp-block-gallery-is-layout-flex\">\n<figure class=\"wp-block-image size-large\"><img loading=\"lazy\" decoding=\"async\" width=\"1024\" height=\"948\" data-id=\"1058\" src=\"https:\/\/acm-resorts.com\/wp-content\/uploads\/2025\/12\/Gemini_Generated_Image_cth99ecth99ecth9-1024x948.png\" alt=\"\" class=\"wp-image-1058\" srcset=\"https:\/\/acm-resorts.com\/wp-content\/uploads\/2025\/12\/Gemini_Generated_Image_cth99ecth99ecth9-1024x948.png 1024w, https:\/\/acm-resorts.com\/wp-content\/uploads\/2025\/12\/Gemini_Generated_Image_cth99ecth99ecth9-300x278.png 300w, https:\/\/acm-resorts.com\/wp-content\/uploads\/2025\/12\/Gemini_Generated_Image_cth99ecth99ecth9-768x711.png 768w, https:\/\/acm-resorts.com\/wp-content\/uploads\/2025\/12\/Gemini_Generated_Image_cth99ecth99ecth9-1536x1421.png 1536w, https:\/\/acm-resorts.com\/wp-content\/uploads\/2025\/12\/Gemini_Generated_Image_cth99ecth99ecth9-2048x1895.png 2048w\" sizes=\"auto, (max-width: 1024px) 100vw, 1024px\" \/><\/figure>\n<\/figure>\n\n\n\n<div class=\"wp-block-group is-content-justification-center is-nowrap is-layout-flex wp-container-core-group-is-layout-23441af8 wp-block-group-is-layout-flex\">\n<div class=\"wp-block-group is-vertical is-layout-flex wp-container-core-group-is-layout-fe9cc265 wp-block-group-is-layout-flex\">\n<figure class=\"wp-block-image size-large is-resized\"><img loading=\"lazy\" decoding=\"async\" width=\"1134\" height=\"1701\" src=\"https:\/\/acm-resorts.com\/wp-content\/uploads\/2025\/05\/WhatsApp-Image-2025-05-06-at-08.58.45-edited.jpeg\" alt=\"\" class=\"wp-image-1036\" style=\"width:366px;height:auto\" srcset=\"https:\/\/acm-resorts.com\/wp-content\/uploads\/2025\/05\/WhatsApp-Image-2025-05-06-at-08.58.45-edited.jpeg 1134w, https:\/\/acm-resorts.com\/wp-content\/uploads\/2025\/05\/WhatsApp-Image-2025-05-06-at-08.58.45-edited-200x300.jpeg 200w, https:\/\/acm-resorts.com\/wp-content\/uploads\/2025\/05\/WhatsApp-Image-2025-05-06-at-08.58.45-edited-683x1024.jpeg 683w, https:\/\/acm-resorts.com\/wp-content\/uploads\/2025\/05\/WhatsApp-Image-2025-05-06-at-08.58.45-edited-768x1152.jpeg 768w, https:\/\/acm-resorts.com\/wp-content\/uploads\/2025\/05\/WhatsApp-Image-2025-05-06-at-08.58.45-edited-1024x1536.jpeg 1024w\" sizes=\"auto, (max-width: 1134px) 100vw, 1134px\" \/><\/figure>\n<\/div>\n\n\n\n<div class=\"wp-block-group is-vertical is-content-justification-center is-layout-flex wp-container-core-group-is-layout-ce155fab wp-block-group-is-layout-flex\">\n<figure class=\"wp-block-image size-full is-resized\"><img loading=\"lazy\" decoding=\"async\" width=\"1000\" height=\"516\" src=\"https:\/\/acm-resorts.com\/wp-content\/uploads\/2025\/05\/waldschuetz-soziale-verantwortung-kinder.jpg\" alt=\"\" class=\"wp-image-912\" style=\"width:467px;height:auto\" srcset=\"https:\/\/acm-resorts.com\/wp-content\/uploads\/2025\/05\/waldschuetz-soziale-verantwortung-kinder.jpg 1000w, https:\/\/acm-resorts.com\/wp-content\/uploads\/2025\/05\/waldschuetz-soziale-verantwortung-kinder-300x155.jpg 300w, https:\/\/acm-resorts.com\/wp-content\/uploads\/2025\/05\/waldschuetz-soziale-verantwortung-kinder-768x396.jpg 768w\" sizes=\"auto, (max-width: 1000px) 100vw, 1000px\" \/><\/figure>\n\n\n\n<figure class=\"wp-block-image size-full is-resized\"><img loading=\"lazy\" decoding=\"async\" width=\"767\" height=\"511\" src=\"https:\/\/acm-resorts.com\/wp-content\/uploads\/2025\/05\/andreas-waldschuetz-flugzeug-crew.jpg\" alt=\"\" class=\"wp-image-905\" style=\"width:360px;height:auto\" srcset=\"https:\/\/acm-resorts.com\/wp-content\/uploads\/2025\/05\/andreas-waldschuetz-flugzeug-crew.jpg 767w, https:\/\/acm-resorts.com\/wp-content\/uploads\/2025\/05\/andreas-waldschuetz-flugzeug-crew-300x200.jpg 300w\" sizes=\"auto, (max-width: 767px) 100vw, 767px\" \/><\/figure>\n<\/div>\n<\/div>\n<\/div>\n<\/div>\n\n\n\n<p style=\"margin-top:16px\"><\/p>\n<\/div>\n\n<p><\/p>\n","protected":false},"excerpt":{"rendered":"<p>Unsere Geschichte - Wir feiern das 100-j\u00e4hrige Jubil\u00e4um 1909: Gr\u00fcndung der Firma Waldsch\u00fctz durch Carl Waldsch\u00fctz. Der Zweck des Unternehmens war der Handel mit Brennstoffen und landwirtschaftlichen Produkten. 1968: Im Zuge des wirtschaftlichen Aufschwungs wurde der Energiemarkt mit hoher Kompetenz weiter ausgebaut. Kompletter Service durch die Firma &#8222;Waldsch\u00fctz: Haus und Geb\u00e4udetechnik&#8220; Lieferung von Heiz\u00f6l 1973 [&hellip;]<\/p>\n","protected":false},"author":1,"featured_media":0,"parent":0,"menu_order":0,"comment_status":"closed","ping_status":"closed","template":"no-title","meta":{"footnotes":""},"class_list":["post-552","page","type-page","status-publish","hentry"],"aioseo_notices":[],"_links":{"self":[{"href":"https:\/\/acm-resorts.com\/de\/wp-json\/wp\/v2\/pages\/552","targetHints":{"allow":["GET"]}}],"collection":[{"href":"https:\/\/acm-resorts.com\/de\/wp-json\/wp\/v2\/pages"}],"about":[{"href":"https:\/\/acm-resorts.com\/de\/wp-json\/wp\/v2\/types\/page"}],"author":[{"embeddable":true,"href":"https:\/\/acm-resorts.com\/de\/wp-json\/wp\/v2\/users\/1"}],"replies":[{"embeddable":true,"href":"https:\/\/acm-resorts.com\/de\/wp-json\/wp\/v2\/comments?post=552"}],"version-history":[{"count":4,"href":"https:\/\/acm-resorts.com\/de\/wp-json\/wp\/v2\/pages\/552\/revisions"}],"predecessor-version":[{"id":1068,"href":"https:\/\/acm-resorts.com\/de\/wp-json\/wp\/v2\/pages\/552\/revisions\/1068"}],"wp:attachment":[{"href":"https:\/\/acm-resorts.com\/de\/wp-json\/wp\/v2\/media?parent=552"}],"curies":[{"name":"wp","href":"https:\/\/api.w.org\/{rel}","templated":true}]}}